{"id":913,"date":"2022-01-28T09:40:52","date_gmt":"2022-01-28T08:40:52","guid":{"rendered":"https:\/\/kom-ilok.hr\/?page_id=913"},"modified":"2025-07-21T20:56:04","modified_gmt":"2025-07-21T18:56:04","slug":"godisnja-izvjesca-2021","status":"publish","type":"page","link":"https:\/\/kom-ilok.hr\/?page_id=913","title":{"rendered":"Godi\u0161nja izvje\u0161\u0107a 2021."},"content":{"rendered":"<p>[vc_row][vc_column][vc_column_text]<a href=\"\/wp-content\/uploads\/2023\/biljeske_uz_fin_za_2021.pdf\" target=\"_blank\" rel=\"noopener\">Bilje\u0161ke uz financijske izvje\u0161taje na dan 31.12.2021. godine<\/a><\/p>\n<p><a href=\"\/wp-content\/uploads\/2023\/bilanca_31122021.pdf\" target=\"_blank\" rel=\"noopener\">BILANCA stanje na dan 31.12.2021.<\/a><\/p>\n<p><a href=\"\/wp-content\/uploads\/2023\/izvjesce_poslovanje_za_2021.pdf\" target=\"_blank\" rel=\"noopener\">IZVJE\u0160\u0106E O POSLOVANJU KOM-ILOK D.O.O. ILOK ZA 2021.GODINU<\/a><\/p>\n<p><a href=\"\/wp-content\/uploads\/2023\/racun_dobit_gubitak_za_2021.pdf\" target=\"_blank\" rel=\"noopener\">RA\u010cUN DOBITI I GUBITKA za razdoblje 01.01.2021. do 31.12.2021.<\/a><\/p>\n<p><a href=\"\/wp-content\/uploads\/2024\/donacije-sponzorstva-kom-ilok-u-2021.pdf\" target=\"_blank\" rel=\"noopener\">PRIMATELJI DONACIJA I SPONZORSTVA U 2021. GODINI<\/a><\/p>\n<p><a href=\"\/wp-content\/uploads\/2022\/Plan%20poslovanja%20za%202021.god..pdf\" target=\"_blank\" rel=\"noopener\">GODI\u0160NJI PLAN POSLOVANJA ZA 2021. GODINU<\/a>[\/vc_column_text][\/vc_column][\/vc_row]<\/p>\n","protected":false},"excerpt":{"rendered":"<p>[vc_row][vc_column][vc_column_text]Bilje\u0161ke uz financijske izvje\u0161taje na dan 31.12.2021. godine BILANCA stanje na dan 31.12.2021. IZVJE\u0160\u0106E O POSLOVANJU KOM-ILOK D.O.O. ILOK ZA 2021.GODINU RA\u010cUN DOBITI I GUBITKA za razdoblje 01.01.2021. do 31.12.2021. PRIMATELJI DONACIJA I SPONZORSTVA U 2021. GODINI GODI\u0160NJI PLAN POSLOVANJA ZA 2021. GODINU[\/vc_column_text][\/vc_column][\/vc_row]<\/p>\n","protected":false},"author":1,"featured_media":0,"parent":204,"menu_order":0,"comment_status":"closed","ping_status":"closed","template":"","meta":{"footnotes":""},"class_list":["post-913","page","type-page","status-publish","hentry","description-off"],"_links":{"self":[{"href":"https:\/\/kom-ilok.hr\/index.php?rest_route=\/wp\/v2\/pages\/913","targetHints":{"allow":["GET"]}}],"collection":[{"href":"https:\/\/kom-ilok.hr\/index.php?rest_route=\/wp\/v2\/pages"}],"about":[{"href":"https:\/\/kom-ilok.hr\/index.php?rest_route=\/wp\/v2\/types\/page"}],"author":[{"embeddable":true,"href":"https:\/\/kom-ilok.hr\/index.php?rest_route=\/wp\/v2\/users\/1"}],"replies":[{"embeddable":true,"href":"https:\/\/kom-ilok.hr\/index.php?rest_route=%2Fwp%2Fv2%2Fcomments&post=913"}],"version-history":[{"count":6,"href":"https:\/\/kom-ilok.hr\/index.php?rest_route=\/wp\/v2\/pages\/913\/revisions"}],"predecessor-version":[{"id":1295,"href":"https:\/\/kom-ilok.hr\/index.php?rest_route=\/wp\/v2\/pages\/913\/revisions\/1295"}],"up":[{"embeddable":true,"href":"https:\/\/kom-ilok.hr\/index.php?rest_route=\/wp\/v2\/pages\/204"}],"wp:attachment":[{"href":"https:\/\/kom-ilok.hr\/index.php?rest_route=%2Fwp%2Fv2%2Fmedia&parent=913"}],"curies":[{"name":"wp","href":"https:\/\/api.w.org\/{rel}","templated":true}]}}