{"id":704,"date":"2020-07-06T14:26:11","date_gmt":"2020-07-06T12:26:11","guid":{"rendered":"https:\/\/kom-ilok.hr\/?page_id=704"},"modified":"2020-07-06T14:34:04","modified_gmt":"2020-07-06T12:34:04","slug":"ciscenje-i-odrzavanje-grobnih-mjesta","status":"publish","type":"page","link":"https:\/\/kom-ilok.hr\/?page_id=704","title":{"rendered":"\u010cI\u0160\u0106ENJE I ODR\u017dAVANJE GROBNIH MJESTA"},"content":{"rendered":"<p>[vc_row][vc_column][vc_column_text]Nakon dugogodi\u0161njeg bavljenja ure\u0111enjem groblja na \u0161irem podru\u010dju Grada Iloka u Kom-Iloku d.o.o. Ilok prepoznali smo potrebu za uvo\u0111enje nove usluge ure\u0111enja grobnih mjesta.<\/p>\n<p>Mnogo je ljudi koje je \u017eivot odveo daleko od posljednjih po\u010divali\u0161ta njima dragih ljudi i sami nisu u mogu\u0107nosti redovito obilaziti i ure\u0111ivati grobove svojih najmilijih. \u00a0\u010cesto se tu isprije\u010di velika udaljenost, nedostatak vremena, bolest ili neki drugi razlozi.<\/p>\n<p>Zato ako niste sami u mogu\u0107nosti redovito ure\u0111ivati grob ili u posebnoj prilici\u00a0 zapaliti svije\u0107u na grobu drage Vam osobe rado \u0107emo Vam pomo\u0107i. Na\u0161 stru\u010dni tim \u0107e s posebnom pa\u017enjom umjesto Vas urediti i \u00a0zapaliti svije\u010da \u00a0na grobu Va\u0161ih roditelja, rodbine i prijatelja, te po obavljenom poslu na Va\u0161 zahtjev poslati vam izvje\u0161\u0107e sa fotografijama isklju\u010divo na dostavljeni e-mail.<\/p>\n<p>Uslugu mo\u017eete zatra\u017eiti u Upravi groblja radnim danom od 8 do 14 sati na broj telefona 032\/827-350 ili 032\/827-352, e-mail: <a href=\"mailto:info@kom-ilok.hr\">info@kom-ilok.hr<\/a> ili u uredu na adresi Julija Bene\u0161i\u0107a 49, Ilok.<\/p>\n<p>S po\u0161tovanjem!<br \/>\nUprava groblja<\/p>\n<p><strong>DOKUMENTI<br \/>\n<a href=\"\/wp-content\/uploads\/2020\/1_Opci_uvjeti_koristenja_odrzavanje_grbnih_mjesta2020.pdf\" target=\"_blank\" rel=\"noopener\">Op\u0107i uvjeti kori\u0161tenja usluge odr\u017eavanja grobova<\/a><br \/>\n<a href=\"\/wp-content\/uploads\/2020\/2_Zahtjev_za_uredenje_i_odrzavanje_gm2020.pdf\" target=\"_blank\" rel=\"noopener\">Zahtjev za ure\u0111enje i odr\u017eavanje grobnog mjesta<\/a><br \/>\n<a href=\"\/wp-content\/uploads\/2020\/3_Cijenik_usluga_uredenja_i_odrzavanja_gm_2020.pdf\" target=\"_blank\" rel=\"noopener\">Cjenik usluga ure\u0111enja i odr\u017eavanja grobova 2020<\/a><\/p>\n<p><\/strong>[\/vc_column_text][\/vc_column][\/vc_row]<\/p>\n","protected":false},"excerpt":{"rendered":"<p>[vc_row][vc_column][vc_column_text]Nakon dugogodi\u0161njeg bavljenja ure\u0111enjem groblja na \u0161irem podru\u010dju Grada Iloka u Kom-Iloku d.o.o. Ilok prepoznali smo potrebu za uvo\u0111enje nove usluge ure\u0111enja grobnih mjesta. Mnogo je ljudi koje je \u017eivot odveo daleko od posljednjih po\u010divali\u0161ta njima dragih ljudi i sami nisu u mogu\u0107nosti redovito obilaziti i ure\u0111ivati grobove svojih najmilijih. \u00a0\u010cesto se tu isprije\u010di velika&hellip;<\/p>\n","protected":false},"author":1,"featured_media":0,"parent":174,"menu_order":0,"comment_status":"closed","ping_status":"closed","template":"","meta":{"footnotes":""},"class_list":["post-704","page","type-page","status-publish","hentry","description-off"],"_links":{"self":[{"href":"https:\/\/kom-ilok.hr\/index.php?rest_route=\/wp\/v2\/pages\/704","targetHints":{"allow":["GET"]}}],"collection":[{"href":"https:\/\/kom-ilok.hr\/index.php?rest_route=\/wp\/v2\/pages"}],"about":[{"href":"https:\/\/kom-ilok.hr\/index.php?rest_route=\/wp\/v2\/types\/page"}],"author":[{"embeddable":true,"href":"https:\/\/kom-ilok.hr\/index.php?rest_route=\/wp\/v2\/users\/1"}],"replies":[{"embeddable":true,"href":"https:\/\/kom-ilok.hr\/index.php?rest_route=%2Fwp%2Fv2%2Fcomments&post=704"}],"version-history":[{"count":3,"href":"https:\/\/kom-ilok.hr\/index.php?rest_route=\/wp\/v2\/pages\/704\/revisions"}],"predecessor-version":[{"id":708,"href":"https:\/\/kom-ilok.hr\/index.php?rest_route=\/wp\/v2\/pages\/704\/revisions\/708"}],"up":[{"embeddable":true,"href":"https:\/\/kom-ilok.hr\/index.php?rest_route=\/wp\/v2\/pages\/174"}],"wp:attachment":[{"href":"https:\/\/kom-ilok.hr\/index.php?rest_route=%2Fwp%2Fv2%2Fmedia&parent=704"}],"curies":[{"name":"wp","href":"https:\/\/api.w.org\/{rel}","templated":true}]}}