{"id":61,"date":"2017-11-16T11:41:32","date_gmt":"2017-11-16T10:41:32","guid":{"rendered":"http:\/\/kom-ilok.hr\/?page_id=61"},"modified":"2018-10-16T10:30:20","modified_gmt":"2018-10-16T08:30:20","slug":"naslovna","status":"publish","type":"page","link":"https:\/\/kom-ilok.hr\/","title":{"rendered":"NASLOVNA"},"content":{"rendered":"\t\t<div class=\"wppsac-wrap wppsac-slick-slider-wrp wppsac-clearfix \" data-conf=\"{&quot;dots&quot;:&quot;true&quot;,&quot;arrows&quot;:&quot;true&quot;,&quot;autoplay&quot;:&quot;true&quot;,&quot;autoplay_interval&quot;:3000,&quot;speed&quot;:500,&quot;rtl&quot;:&quot;false&quot;,&quot;lazyload&quot;:&quot;&quot;}\">\r\n\t\t\t<div id=\"wppsac-post-slider-1\" class=\"wppsac-post-slider-init wppsac-post-slider design-1\">\r\n\t\t\t\t<div class=\"wppsac-post-slides\">\r\n\t<div class=\"wppsac-post-content-position\">\r\n\t\t<div class=\"wppsac-post-content-left wp-medium-8 wpcolumns\">\r\n\t\t\t\t\t\t<div class=\"wppsac-post-categories\"><ul class=\"wppsac-post-categories-list\"><li><a href=\"https:\/\/kom-ilok.hr\/?cat=4\">Novosti<\/a><\/li><\/ul><\/div>\r\n\t\t\t\r\n\t\t\t<h2 class=\"wppsac-post-title\">\r\n\t\t\t\t<a href=\"https:\/\/kom-ilok.hr\/?p=1278\">OBAVIJEST O UKIDANJU TAXI SLU\u017dBE<\/a>\r\n\t\t\t<\/h2>\r\n\r\n\t\t\t\t\t\t<div class=\"wppsac-post-date\">\r\n\t\t\t\t21. srpnja 2025.\t\t\t<\/div>\r\n\t\t\t\t\t\t<div class=\"wppsac-post-content\">\r\n\t\t\t\t<div class=\"wppsac-sub-content\">Poduze\u0107e Kom-Ilok d.o.o. obavje\u0161tava gra\u0111ane s podru\u010dja grada Iloka (uklju\u010duju\u0107i Bapsku, \u0160arengrad i Mohovo) kako se od 23.07.2025. obustavlja pru\u017eanje taxi usluge od strane na\u0161eg...<\/div>\r\n\t\t\t\t\r\n\t\t\t\t\t\t\t<\/div>\r\n\t\t\t\t\t<\/div>\r\n\t\t<div class=\"wppsac-post-image-bg\">\r\n\t\t\t<a href=\"https:\/\/kom-ilok.hr\/?p=1278\">\r\n\t\t\t\t\t\t\t\t<img decoding=\"async\" class=\"wppsac-post-image\"  src=\"https:\/\/kom-ilok.hr\/wp-content\/uploads\/2025\/07\/480836220_656680777028510_2746426807033678245_n.jpg\" alt=\"OBAVIJEST O UKIDANJU TAXI SLU\u017dBE\" \/>\r\n\t\t\t\t\t\t\t<\/a>\r\n\t\t<\/div>\r\n\t<\/div>\r\n<\/div><div class=\"wppsac-post-slides\">\r\n\t<div class=\"wppsac-post-content-position\">\r\n\t\t<div class=\"wppsac-post-content-left wp-medium-8 wpcolumns\">\r\n\t\t\t\t\t\t<div class=\"wppsac-post-categories\"><ul class=\"wppsac-post-categories-list\"><li><a href=\"https:\/\/kom-ilok.hr\/?cat=4\">Novosti<\/a><\/li><\/ul><\/div>\r\n\t\t\t\r\n\t\t\t<h2 class=\"wppsac-post-title\">\r\n\t\t\t\t<a href=\"https:\/\/kom-ilok.hr\/?p=1247\">OBAVIJEST O SAKUPLJANJU KOMUNALNOG OTPADA U 2025. GODINI<\/a>\r\n\t\t\t<\/h2>\r\n\r\n\t\t\t\t\t\t<div class=\"wppsac-post-date\">\r\n\t\t\t\t3. sije\u010dnja 2025.\t\t\t<\/div>\r\n\t\t\t\t\t\t<div class=\"wppsac-post-content\">\r\n\t\t\t\t<div class=\"wppsac-sub-content\">Sukladno \u010dl. 11. Pravilnika o gospodarenju otpadom (NN 106\/22), \u010dl. 83. Zakona o gospodarenju otpadom (NN 84\/21) i \u010dl. 9. i 10. Odluke o na\u010dinu...<\/div>\r\n\t\t\t\t\r\n\t\t\t\t\t\t\t<\/div>\r\n\t\t\t\t\t<\/div>\r\n\t\t<div class=\"wppsac-post-image-bg\">\r\n\t\t\t<a href=\"https:\/\/kom-ilok.hr\/?p=1247\">\r\n\t\t\t\t\t\t\t\t<img decoding=\"async\" class=\"wppsac-post-image\"  src=\"https:\/\/kom-ilok.hr\/wp-content\/uploads\/2025\/01\/raspored-kom-ilok-2025.jpg\" alt=\"OBAVIJEST O SAKUPLJANJU KOMUNALNOG OTPADA U 2025. GODINI\" \/>\r\n\t\t\t\t\t\t\t<\/a>\r\n\t\t<\/div>\r\n\t<\/div>\r\n<\/div><div class=\"wppsac-post-slides\">\r\n\t<div class=\"wppsac-post-content-position\">\r\n\t\t<div class=\"wppsac-post-content-left wp-medium-8 wpcolumns\">\r\n\t\t\t\t\t\t<div class=\"wppsac-post-categories\"><ul class=\"wppsac-post-categories-list\"><li><a href=\"https:\/\/kom-ilok.hr\/?cat=4\">Novosti<\/a><\/li><\/ul><\/div>\r\n\t\t\t\r\n\t\t\t<h2 class=\"wppsac-post-title\">\r\n\t\t\t\t<a href=\"https:\/\/kom-ilok.hr\/?p=1153\">OBAVIJEST O SAKUPLJANJU KOMUNALNOG OTPADA U 2024. GODINI<\/a>\r\n\t\t\t<\/h2>\r\n\r\n\t\t\t\t\t\t<div class=\"wppsac-post-date\">\r\n\t\t\t\t1. sije\u010dnja 2024.\t\t\t<\/div>\r\n\t\t\t\t\t\t<div class=\"wppsac-post-content\">\r\n\t\t\t\t<div class=\"wppsac-sub-content\">Sukladno \u010dl. 11. Pravilnika o gospodarenju otpadom (NN 106\/22), \u010dl. 83. Zakona o gospodarenju otpadom (NN 84\/21) i \u010dl. 9. i 10. Odluke o na\u010dinu...<\/div>\r\n\t\t\t\t\r\n\t\t\t\t\t\t\t<\/div>\r\n\t\t\t\t\t<\/div>\r\n\t\t<div class=\"wppsac-post-image-bg\">\r\n\t\t\t<a href=\"https:\/\/kom-ilok.hr\/?p=1153\">\r\n\t\t\t\t\t\t\t\t<img decoding=\"async\" class=\"wppsac-post-image\"  src=\"https:\/\/kom-ilok.hr\/wp-content\/uploads\/2024\/01\/RASPORED_ODVOZ_OTPADA_2024.jpg\" alt=\"OBAVIJEST O SAKUPLJANJU KOMUNALNOG OTPADA U 2024. GODINI\" \/>\r\n\t\t\t\t\t\t\t<\/a>\r\n\t\t<\/div>\r\n\t<\/div>\r\n<\/div><div class=\"wppsac-post-slides\">\r\n\t<div class=\"wppsac-post-content-position\">\r\n\t\t<div class=\"wppsac-post-content-left wp-medium-8 wpcolumns\">\r\n\t\t\t\t\t\t<div class=\"wppsac-post-categories\"><ul class=\"wppsac-post-categories-list\"><li><a href=\"https:\/\/kom-ilok.hr\/?cat=4\">Novosti<\/a><\/li><\/ul><\/div>\r\n\t\t\t\r\n\t\t\t<h2 class=\"wppsac-post-title\">\r\n\t\t\t\t<a href=\"https:\/\/kom-ilok.hr\/?p=1044\">OBAVIJEST O SAKUPLJANJU KOMUNALNOG OTPADA U 2023. GODINI<\/a>\r\n\t\t\t<\/h2>\r\n\r\n\t\t\t\t\t\t<div class=\"wppsac-post-date\">\r\n\t\t\t\t4. sije\u010dnja 2023.\t\t\t<\/div>\r\n\t\t\t\t\t\t<div class=\"wppsac-post-content\">\r\n\t\t\t\t<div class=\"wppsac-sub-content\">Sukladno \u010dl. 11. Pravilnika o gospodarenju otpadom (NN 106\/22), \u010dl. 83. Zakona o gospodarenju otpadom (NN 84\/21) i \u010dl. 9. i 10. Odluke o na\u010dinu...<\/div>\r\n\t\t\t\t\r\n\t\t\t\t\t\t\t<\/div>\r\n\t\t\t\t\t<\/div>\r\n\t\t<div class=\"wppsac-post-image-bg\">\r\n\t\t\t<a href=\"https:\/\/kom-ilok.hr\/?p=1044\">\r\n\t\t\t\t\t\t\t\t<img decoding=\"async\" class=\"wppsac-post-image\"  src=\"https:\/\/kom-ilok.hr\/wp-content\/uploads\/2022\/01\/RASPORED_ODVOZ_OTPADA_2022_OBJAVA.jpg\" alt=\"OBAVIJEST O SAKUPLJANJU KOMUNALNOG OTPADA U 2023. GODINI\" \/>\r\n\t\t\t\t\t\t\t<\/a>\r\n\t\t<\/div>\r\n\t<\/div>\r\n<\/div><div class=\"wppsac-post-slides\">\r\n\t<div class=\"wppsac-post-content-position\">\r\n\t\t<div class=\"wppsac-post-content-left wp-medium-8 wpcolumns\">\r\n\t\t\t\t\t\t<div class=\"wppsac-post-categories\"><ul class=\"wppsac-post-categories-list\"><li><a href=\"https:\/\/kom-ilok.hr\/?cat=4\">Novosti<\/a><\/li><\/ul><\/div>\r\n\t\t\t\r\n\t\t\t<h2 class=\"wppsac-post-title\">\r\n\t\t\t\t<a href=\"https:\/\/kom-ilok.hr\/?p=976\">Javno savjetovanje na prijedlog cjenika pru\u017eanja javne usluge skupljanja komunalnog otpada na podru\u010dju Grada Iloka<\/a>\r\n\t\t\t<\/h2>\r\n\r\n\t\t\t\t\t\t<div class=\"wppsac-post-date\">\r\n\t\t\t\t22. travnja 2022.\t\t\t<\/div>\r\n\t\t\t\t\t\t<div class=\"wppsac-post-content\">\r\n\t\t\t\t<div class=\"wppsac-sub-content\">Javno savjetovanje na prijedlog cjenika pru\u017eanja javne usluge skupljanja komunalnog otpada na podru\u010dju Grada Iloka OBRAZAC SUDJELOVANJA U SAVJETOVANJU O NACRTU PRIJEDLOGA OP\u0106EG AKTA<\/div>\r\n\t\t\t\t\r\n\t\t\t\t\t\t\t<\/div>\r\n\t\t\t\t\t<\/div>\r\n\t\t<div class=\"wppsac-post-image-bg\">\r\n\t\t\t<a href=\"https:\/\/kom-ilok.hr\/?p=976\">\r\n\t\t\t\t\t\t\t\t<img decoding=\"async\" class=\"wppsac-post-image\"  src=\"https:\/\/kom-ilok.hr\/wp-content\/uploads\/2022\/01\/back.jpg\" alt=\"Javno savjetovanje na prijedlog cjenika pru\u017eanja javne usluge skupljanja komunalnog otpada na podru\u010dju Grada Iloka\" \/>\r\n\t\t\t\t\t\t\t<\/a>\r\n\t\t<\/div>\r\n\t<\/div>\r\n<\/div>\t\t\t<\/div>\r\n\t\t<\/div>\r\n\t\n<div class=\"rtbs  rtbs_350\"><div class=\"rtbs_slug\" style=\"display:none\">350<\/div><div class=\"rtbs_inactive_tab_background\" style=\"display:none\">transparent<\/div><div class=\"rtbs_breakpoint\" style=\"display:none\">600<\/div><div class=\"rtbs_color\" style=\"display:none\">#e0a133<\/div>\r\n        <div class=\"rtbs_menu\">\r\n            <ul>\r\n                <li class=\"mobile_toggle\">&zwnj;<\/li><li class=\"current\"><a style=\"background:#e0a133\" class=\"active 350-tab-link-0\" href=\"#\" data-tab=\"#350-tab-0\">Raspored odvoza otpada<\/a><\/li><li><a href=\"#\" data-tab=\"#350-tab-1\" class=\"350-tab-link-1\">Prati nas na Facebooku<\/a><\/li>\r\n            <\/ul>\r\n        <\/div><div style=\"border-top:7px solid #e0a133;\" id=\"350-tab-0\" class=\"rtbs_content active\"><p><a href=\"https:\/\/kom-ilok.hr\/?page_id=208\"><img loading=\"lazy\" decoding=\"async\" class=\"aligncenter wp-image-1152 size-full\" src=\"https:\/\/kom-ilok.hr\/wp-content\/uploads\/2025\/RASPORED_ODVOZ_OTPADA_2025.jpg\" alt=\"\" width=\"1800\" height=\"300\" \/><\/a><\/p>\n<div style=\"margin-top:30px; clear:both;\"><\/div><\/div><div style=\"border-top:7px solid #e0a133;\" id=\"350-tab-1\" class=\"rtbs_content\"><p><a href=\"https:\/\/www.facebook.com\/komunalacilok\/\" target=\"_blank\" rel=\"noopener\"><img loading=\"lazy\" decoding=\"async\" class=\"aligncenter wp-image-359 size-full\" src=\"http:\/\/kom-ilok.hr\/wp-content\/uploads\/2018\/02\/facebook_link.png\" alt=\"\" width=\"1200\" height=\"200\" srcset=\"https:\/\/kom-ilok.hr\/wp-content\/uploads\/2018\/02\/facebook_link.png 1200w, https:\/\/kom-ilok.hr\/wp-content\/uploads\/2018\/02\/facebook_link-300x50.png 300w, https:\/\/kom-ilok.hr\/wp-content\/uploads\/2018\/02\/facebook_link-768x128.png 768w, https:\/\/kom-ilok.hr\/wp-content\/uploads\/2018\/02\/facebook_link-1024x171.png 1024w, https:\/\/kom-ilok.hr\/wp-content\/uploads\/2018\/02\/facebook_link-1170x195.png 1170w\" sizes=\"auto, (max-width: 1200px) 100vw, 1200px\" \/><\/a><\/p>\n<div style=\"margin-top:30px; clear:both;\"><\/div><\/div>\r\n    <\/div>\r\n    \n","protected":false},"excerpt":{"rendered":"","protected":false},"author":1,"featured_media":0,"parent":0,"menu_order":0,"comment_status":"closed","ping_status":"closed","template":"","meta":{"footnotes":""},"class_list":["post-61","page","type-page","status-publish","hentry","description-off"],"_links":{"self":[{"href":"https:\/\/kom-ilok.hr\/index.php?rest_route=\/wp\/v2\/pages\/61","targetHints":{"allow":["GET"]}}],"collection":[{"href":"https:\/\/kom-ilok.hr\/index.php?rest_route=\/wp\/v2\/pages"}],"about":[{"href":"https:\/\/kom-ilok.hr\/index.php?rest_route=\/wp\/v2\/types\/page"}],"author":[{"embeddable":true,"href":"https:\/\/kom-ilok.hr\/index.php?rest_route=\/wp\/v2\/users\/1"}],"replies":[{"embeddable":true,"href":"https:\/\/kom-ilok.hr\/index.php?rest_route=%2Fwp%2Fv2%2Fcomments&post=61"}],"version-history":[{"count":41,"href":"https:\/\/kom-ilok.hr\/index.php?rest_route=\/wp\/v2\/pages\/61\/revisions"}],"predecessor-version":[{"id":352,"href":"https:\/\/kom-ilok.hr\/index.php?rest_route=\/wp\/v2\/pages\/61\/revisions\/352"}],"wp:attachment":[{"href":"https:\/\/kom-ilok.hr\/index.php?rest_route=%2Fwp%2Fv2%2Fmedia&parent=61"}],"curies":[{"name":"wp","href":"https:\/\/api.w.org\/{rel}","templated":true}]}}