{"id":595,"date":"2020-02-12T11:28:53","date_gmt":"2020-02-12T10:28:53","guid":{"rendered":"http:\/\/kom-ilok.hr\/?page_id=595"},"modified":"2025-07-21T20:55:55","modified_gmt":"2025-07-21T18:55:55","slug":"godisnja-izvjesca-2019","status":"publish","type":"page","link":"https:\/\/kom-ilok.hr\/?page_id=595","title":{"rendered":"Godi\u0161nja izvje\u0161\u0107a 2019."},"content":{"rendered":"<p>[vc_row][vc_column][vc_column_text]<a href=\"\/wp-content\/uploads\/2020\/02\/Primatelji-donacija-i-sponzorstva-u-2019.god_.-Kom-ilok.pdf\" target=\"_blank\" rel=\"noopener\">Primatelji donacija i sponzorstva u 2019. godini<\/a><\/p>\n<p><a href=\"\/wp-content\/uploads\/2020\/03\/Godi\u0161nj-plan-poslovanja-za-2019-god.pdf\" target=\"_blank\" rel=\"noopener\">Godi\u0161nji plan poslovanja za 2019. godinu<\/a><\/p>\n<p><a href=\"\/wp-content\/uploads\/2020\/izvjesce_poslovanje_2019.pdf\" target=\"_blank\" rel=\"noopener\">Izvje\u0161\u0107e o poslovanju Kom-Ilok d.o.o. za 2019. godinu<\/a><\/p>\n<p><a href=\"\/wp-content\/uploads\/2020\/biljeske_fin_izvj_2019.pdf\" target=\"_blank\" rel=\"noopener\">Bilje\u0161ke uz financijske izvje\u0161taje na dan 31.12.2019. godine<\/a><\/p>\n<p><a href=\"\/wp-content\/uploads\/2020\/bilanca_31122019.pdf\" target=\"_blank\" rel=\"noopener\">Bilanca &#8211; stanje na dan 31.12.2019. godine<\/a><\/p>\n<p><a href=\"\/wp-content\/uploads\/2020\/brutto_bilanca_2019.pdf\" target=\"_blank\" rel=\"noopener\">Brutto bilanca &#8211; za sve klase u razdoblju 01.01.2019. do 31.12.2019.<\/a>[\/vc_column_text][\/vc_column][\/vc_row]<\/p>\n","protected":false},"excerpt":{"rendered":"<p>[vc_row][vc_column][vc_column_text]Primatelji donacija i sponzorstva u 2019. godini Godi\u0161nji plan poslovanja za 2019. godinu Izvje\u0161\u0107e o poslovanju Kom-Ilok d.o.o. za 2019. godinu Bilje\u0161ke uz financijske izvje\u0161taje na dan 31.12.2019. godine Bilanca &#8211; stanje na dan 31.12.2019. godine Brutto bilanca &#8211; za sve klase u razdoblju 01.01.2019. do 31.12.2019.[\/vc_column_text][\/vc_column][\/vc_row]<\/p>\n","protected":false},"author":1,"featured_media":0,"parent":204,"menu_order":0,"comment_status":"closed","ping_status":"closed","template":"","meta":{"footnotes":""},"class_list":["post-595","page","type-page","status-publish","hentry","description-off"],"_links":{"self":[{"href":"https:\/\/kom-ilok.hr\/index.php?rest_route=\/wp\/v2\/pages\/595","targetHints":{"allow":["GET"]}}],"collection":[{"href":"https:\/\/kom-ilok.hr\/index.php?rest_route=\/wp\/v2\/pages"}],"about":[{"href":"https:\/\/kom-ilok.hr\/index.php?rest_route=\/wp\/v2\/types\/page"}],"author":[{"embeddable":true,"href":"https:\/\/kom-ilok.hr\/index.php?rest_route=\/wp\/v2\/users\/1"}],"replies":[{"embeddable":true,"href":"https:\/\/kom-ilok.hr\/index.php?rest_route=%2Fwp%2Fv2%2Fcomments&post=595"}],"version-history":[{"count":4,"href":"https:\/\/kom-ilok.hr\/index.php?rest_route=\/wp\/v2\/pages\/595\/revisions"}],"predecessor-version":[{"id":1293,"href":"https:\/\/kom-ilok.hr\/index.php?rest_route=\/wp\/v2\/pages\/595\/revisions\/1293"}],"up":[{"embeddable":true,"href":"https:\/\/kom-ilok.hr\/index.php?rest_route=\/wp\/v2\/pages\/204"}],"wp:attachment":[{"href":"https:\/\/kom-ilok.hr\/index.php?rest_route=%2Fwp%2Fv2%2Fmedia&parent=595"}],"curies":[{"name":"wp","href":"https:\/\/api.w.org\/{rel}","templated":true}]}}