{"id":562,"date":"2019-11-05T09:34:20","date_gmt":"2019-11-05T08:34:20","guid":{"rendered":"http:\/\/kom-ilok.hr\/?page_id=562"},"modified":"2025-07-21T20:55:51","modified_gmt":"2025-07-21T18:55:51","slug":"godisnja-izvjesca-2018","status":"publish","type":"page","link":"https:\/\/kom-ilok.hr\/?page_id=562","title":{"rendered":"Godi\u0161nja izvje\u0161\u0107a 2018."},"content":{"rendered":"<p><a href=\"\/wp-content\/uploads\/2019\/11\/Primatelji-donacija-i-sponzorstva-u-2018.god_.-Kom-ilok.pdf\" target=\"_blank\" rel=\"noopener\">PRIMATELJI DONACIJA I SPONZORSTVA U 2018. GODINI<\/a><\/p>\n<p>Financijski dokumenti:<br \/>\n<a href=\"\/wp-content\/uploads\/2020\/03\/Bilanca-2018-Kom-Ilok.pdf\" target=\"_blank\" rel=\"noopener\">BILANCA &#8211;\u00a0stanje na dan 31.12.2018. godine<\/a><br \/>\n<a href=\"\/wp-content\/uploads\/2020\/03\/Bilje\u0161ke-uz-financije-izvje\u0161taje-2018.pdf\" target=\"_blank\" rel=\"noopener\">Bilje\u0161ke uz financijske izvje\u0161taje na dan 31.12.2018. godine<\/a><br \/>\n<a href=\"\/wp-content\/uploads\/2020\/03\/Ra\u010dun-dobiti-i-gubitka-2018-Kom-Ilok.pdf\" target=\"_blank\" rel=\"noopener\">RA\u010cUN DOBITI I GUBITKA za razdoblje 01.01.2018. do 31.12.2018.<\/a><\/p>\n<p><a href=\"\/wp-content\/uploads\/2020\/03\/Godi\u0161nji-plan-poslovanja-za-2018.god_..pdf\" target=\"_blank\" rel=\"noopener\">GODI\u0160NJI PLAN POSLOVANJA ZA 2018. GODINU<\/a><br \/>\n<a href=\"\/wp-content\/uploads\/2020\/03\/Izvje\u0161\u0107e-o-poslovanju-Kom-Ilok-za-2018..pptx\">IZVJE\u0160\u0106E O POSLOVANJU ZA 2018. GODINU<\/a><br \/>\n<a href=\"\/wp-content\/uploads\/2020\/03\/Izvr\u0161enje-plana-poslovanja-za-2018.god_..pdf\" target=\"_blank\" rel=\"noopener\">IZVR\u0160ENJE GODI\u0160NJEG PLANA POSLOVANJA ZA 2018. GODINU<\/a><\/p>\n","protected":false},"excerpt":{"rendered":"<p>PRIMATELJI DONACIJA I SPONZORSTVA U 2018. GODINI Financijski dokumenti: BILANCA &#8211;\u00a0stanje na dan 31.12.2018. godine Bilje\u0161ke uz financijske izvje\u0161taje na dan 31.12.2018. godine RA\u010cUN DOBITI I GUBITKA za razdoblje 01.01.2018. do 31.12.2018. GODI\u0160NJI PLAN POSLOVANJA ZA 2018. GODINU IZVJE\u0160\u0106E O POSLOVANJU ZA 2018. GODINU IZVR\u0160ENJE GODI\u0160NJEG PLANA POSLOVANJA ZA 2018. GODINU<\/p>\n","protected":false},"author":1,"featured_media":0,"parent":204,"menu_order":0,"comment_status":"closed","ping_status":"closed","template":"","meta":{"footnotes":""},"class_list":["post-562","page","type-page","status-publish","hentry","description-off"],"_links":{"self":[{"href":"https:\/\/kom-ilok.hr\/index.php?rest_route=\/wp\/v2\/pages\/562","targetHints":{"allow":["GET"]}}],"collection":[{"href":"https:\/\/kom-ilok.hr\/index.php?rest_route=\/wp\/v2\/pages"}],"about":[{"href":"https:\/\/kom-ilok.hr\/index.php?rest_route=\/wp\/v2\/types\/page"}],"author":[{"embeddable":true,"href":"https:\/\/kom-ilok.hr\/index.php?rest_route=\/wp\/v2\/users\/1"}],"replies":[{"embeddable":true,"href":"https:\/\/kom-ilok.hr\/index.php?rest_route=%2Fwp%2Fv2%2Fcomments&post=562"}],"version-history":[{"count":5,"href":"https:\/\/kom-ilok.hr\/index.php?rest_route=\/wp\/v2\/pages\/562\/revisions"}],"predecessor-version":[{"id":1292,"href":"https:\/\/kom-ilok.hr\/index.php?rest_route=\/wp\/v2\/pages\/562\/revisions\/1292"}],"up":[{"embeddable":true,"href":"https:\/\/kom-ilok.hr\/index.php?rest_route=\/wp\/v2\/pages\/204"}],"wp:attachment":[{"href":"https:\/\/kom-ilok.hr\/index.php?rest_route=%2Fwp%2Fv2%2Fmedia&parent=562"}],"curies":[{"name":"wp","href":"https:\/\/api.w.org\/{rel}","templated":true}]}}