{"id":41,"date":"2017-11-16T10:44:50","date_gmt":"2017-11-16T09:44:50","guid":{"rendered":"http:\/\/kom-ilok.hr\/?page_id=41"},"modified":"2022-06-07T13:18:24","modified_gmt":"2022-06-07T11:18:24","slug":"natjecaji","status":"publish","type":"page","link":"https:\/\/kom-ilok.hr\/?page_id=41","title":{"rendered":"Natje\u010daji"},"content":{"rendered":"<p>[vc_row][vc_column][vc_tta_tour active_section=&#8221;1&#8243;][vc_tta_section title=&#8221;2022. godina&#8221; tab_id=&#8221;1647250829167-da5f6760-fa08&#8243;][vc_column_text]<\/p>\n<ol>\n<li>NATJE\u010cAJ ZA ZAPO\u0160LJAVANJE \/ 26.05.2022.<br \/>\n&#8211; <a href=\"\/wp-content\/uploads\/2022\/Natjecaj_Administrativni_referent_2022.pdf\" target=\"_blank\" rel=\"noopener\">ADMINISTRATIVNI REFERENT<\/a><br \/>\n&#8211; <a href=\"\/wp-content\/uploads\/2022\/Obavijest%20o%20odabiru%20kandidata%20-administrativni%20radnik.pdf\" target=\"_blank\" rel=\"noopener\">OBAVIJEST O ODABIRU KANDIDATA<\/a> \/ 06.06.2022.<\/li>\n<li>NATJE\u010cAJ ZA ZAPO\u0160LJAVANJE<br \/>\n&#8211; <a href=\"\/wp-content\/uploads\/2022\/natjecaj_11032022_grad_radnik.pdf\" target=\"_blank\" rel=\"noopener\">GRA\u0110EVINSKI RADNIK<\/a> \/ 11.03.2022.<\/li>\n<li>NATJE\u010cAJ ZA ZAPO\u0160LJAVANJE<br \/>\n&#8211; <a href=\"\/wp-content\/uploads\/2022\/natjecaj_11032022_pom_grad_radnik.pdf\" target=\"_blank\" rel=\"noopener\">POMO\u0106NI RADNIK U GRA\u0110EVINI<\/a> \/ 11.03.2022.<\/li>\n<li>NATJE\u010cAJ ZA ZAPO\u0160LJAVANJE<br \/>\n&#8211; <a href=\"\/wp-content\/uploads\/2022\/natjecaj_11032022_radnik_zelenilo.pdf\" target=\"_blank\" rel=\"noopener\">RADNIK NA ODR\u017dAVANJU JAVNIH I ZELENIH POVR\u0160INA<\/a> \/ 11.03.2022.<\/li>\n<li>NATJE\u010cAJ ZA ZAPO\u0160LJAVANJE<br \/>\n&#8211; <a href=\"\/wp-content\/uploads\/2022\/natjecaj_11032022_rukovatelj_grad_strojevima.pdf\" target=\"_blank\" rel=\"noopener\">RUKOVATELJ GRA\u0110EVINSKIM STROJEVIMA<\/a> \/ 11.03.2022.<\/li>\n<li>\u00a0NATJE\u010cAJ ZA ZAPO\u0160LJAVANJE<br \/>\n&#8211; <a href=\"\/wp-content\/uploads\/2022\/NATEJCAJ_VIZAC_TAXI_17012022.pdf\" target=\"_blank\" rel=\"noopener\">VOZA\u010c TAXI VOZILA<\/a> \/ 17.01.2022.<br \/>\n&#8211; <a href=\"\/wp-content\/uploads\/2022\/obavijest_izbor_vozac_23032022.pdf\" target=\"_blank\" rel=\"noopener\">OBAVIJEST O REZULTATIMA NATJE\u010cAJA ZA PRIJEM U RADNI ODNOS<\/a>\u00a0\/ 23.03.2022.<\/li>\n<\/ol>\n<p>[\/vc_column_text][\/vc_tta_section][vc_tta_section title=&#8221;2021. godina&#8221; tab_id=&#8221;1612887430245-fc8c6a2a-f78a&#8221;][vc_column_text]<\/p>\n<ul>\n<li><a href=\"\/wp-content\/uploads\/2021\/NATJECAJ_VOZAC_KAMIONA-komilok.pdf\" target=\"_blank\" rel=\"noopener\">NATJE\u010cAJ za radno mjesto &#8211; VOZA\u010c KAMIONA<\/a> \/ 12.11.2021.<\/li>\n<li><a href=\"\/wp-content\/uploads\/2021\/natjecaj_dimnjacar_03032021.pdf\" target=\"_blank\" rel=\"noopener\">NATJE\u010cAJ za radno mjesto &#8211; DIMNJA\u010cAR<\/a> \/ 02.03.2021.<br \/>\n<a href=\"\/wp-content\/uploads\/2021\/Obavijest_o_rezultatima_natjecaja_22032021.pdf\" target=\"_blank\" rel=\"noopener\">&#8211; Rezultati natje\u010daja za prijem u radni odnos na odre\u0111eno vrijeme<\/a> \/ 19.03.2021.<\/li>\n<li><a href=\"\/wp-content\/uploads\/2021\/natjecaj_voditelj_pogrebnih_usluga_03032021.pdf\" target=\"_blank\" rel=\"noopener\">NATJE\u010cAJ za radno mjesto &#8211; VODITELJ POGREBNIH USLUGA<\/a> \/ 02.03.2021.<br \/>\n<a href=\"\/wp-content\/uploads\/2021\/Obavijest_o_rezultatima_natjecaja_22032021.pdf\" target=\"_blank\" rel=\"noopener\">&#8211; Rezultati natje\u010daja za prijem u radni odnos na odre\u0111eno vrijeme<\/a> \/ 19.03.2021.<\/li>\n<li><a href=\"\/wp-content\/uploads\/2021\/natjecaj_elektricar_03032021.pdf\" target=\"_blank\" rel=\"noopener\">NATJE\u010cAJ za radno mjesto &#8211; ELEKTRI\u010cAR<\/a> \/ 02.03.2021.<br \/>\n<a href=\"\/wp-content\/uploads\/2021\/Obavijest_o_rezultatima_natjecaja_22032021.pdf\" target=\"_blank\" rel=\"noopener\">&#8211; Rezultati natje\u010daja za prijem u radni odnos na odre\u0111eno vrijeme<\/a> \/ 19.03.2021.<\/li>\n<li><a href=\"\/wp-content\/uploads\/2021\/natejcaj_pomocni_radnik_komilok_09022021.pdf\" target=\"_blank\" rel=\"noopener\">NATJE\u010cAJ za radno mjesto &#8211; POMO\u0106NI RADNIK<\/a> \/ 09.02.2021.<br \/>\n&#8211;\u00a0<a href=\"\/wp-content\/uploads\/2021\/Obavijest_o_odabiru_pomocni_radnik_23022021.pdf\" target=\"_blank\" rel=\"noopener\">OBAVIJEST O REZULTATIMA NATJE\u010cAJA ZA PRIJEM U RADNI ODNOS<\/a> \/ 23.02.2021.<\/li>\n<\/ul>\n<p>[\/vc_column_text][\/vc_tta_section][vc_tta_section title=&#8221;2020. godina&#8221; tab_id=&#8221;1549653343368-2f21c7b8-b7df&#8221;][vc_column_text]2. <a href=\"\/wp-content\/uploads\/2020\/09\/natjecaj_odrz_zel_pov_25092020.pdf\" target=\"_blank\" rel=\"noopener\">NATJE\u010cAJ ZA\u00a0RADNIKA NA ODR\u017dAVANJU JAVNIH I ZELENIH POVR\u0160INA<\/a> \/ 25.09.2020.<\/p>\n<p>1. <a href=\"\/wp-content\/uploads\/2020\/NATJECAJ_RADNIK_NA_ODRZAVANJU_JAVNIH_I_ZELENIH_POVRSINA_06072020.pdf\" target=\"_blank\" rel=\"noopener\">NATJE\u010cAJ ZA RADNIKA NA ODR\u017dAVANJU JAVNIH I ZELENIH POVR\u0160INA<\/a> \/ 06.07.2020.<br \/>\n&#8211;\u00a0<a href=\"\/wp-content\/uploads\/2020\/rezultati_natjecaja_radnik_zelenilo15072020.pdf\" target=\"_blank\" rel=\"noopener\">OBAVIJEST O REZULTATIMA NATJE\u010cAJA ZA PRIJEM U RADNI ODNOS<\/a> \/ 13.07.2020.[\/vc_column_text][\/vc_tta_section][vc_tta_section title=&#8221;2019. godina&#8221; tab_id=&#8221;1594050443843-c4595923-a709&#8243;][vc_column_text]<\/p>\n<ol>\n<li><a href=\"\/wp-content\/uploads\/2019\/07\/natjecaj_groblje_ilok26072019.pdf\" target=\"_blank\" rel=\"noopener\">NATJE\u010cAJ ZA RADNO MJESTO &#8211; RADNIK NA GROBLJU<\/a> \/ 26.07.2019.<br \/>\n&#8211; <a href=\"\/wp-content\/uploads\/2019\/08\/Obavijest-o-rezultatima-natje\u010daja.pdf\" target=\"_blank\" rel=\"noopener\">Obavijest o poni\u0161tenju natje\u010daja<\/a> \/ 14.08.2019.<\/li>\n<li><a href=\"\/wp-content\/uploads\/2019\/05\/kom_ilok_direktor17052019.pdf\" target=\"_blank\" rel=\"noopener\">JAVNI NATJE\u010cAJ za imenovanje \u010dlana Uprave \u2013 direktora\/direktorice trgova\u010dkog dru\u0161tva KOM-ILOK d.o.o., Ilok<\/a> \u2013 1 (jedan) izvr\u0161itelj \/ izvr\u0161iteljica na razdoblje od 4 godine \/ 17.05.2019.<\/li>\n<li><a href=\"\/wp-content\/uploads\/2019\/03\/Natjecaj_radnik_odrzavanje_javnih_zelenih_povrsina.pdf\" target=\"_blank\" rel=\"noopener\">NATJE\u010cAJ ZA ZAPO\u0160LJAVANJE<\/a> &#8211; RADNIK NA ODR\u017dAVANJU JAVNIH I ZELENIH POVR\u0160INA \/ 21.03.2019.<br \/>\n&#8211;\u00a0<a href=\"\/wp-content\/uploads\/2019\/Obavijest_o_rezultatima_natjecaja_radnik_na_odrzavanju.pdf\" target=\"_blank\" rel=\"noopener\">OBAVIJEST O REZULTATIMA NATJE\u010cAJA<\/a> \/ 16.04.2019.<\/li>\n<li><a href=\"\/wp-content\/uploads\/2019\/02\/NATJECAJ-rukovatelj-kombiniranim-radnim-strojem.pdf\" target=\"_blank\" rel=\"noopener\">NATJE\u010cAJ ZA ZAPO\u0160LJAVANJE<\/a> &#8211; RUKOVATELJ KOMBINIRANIM RADNIM STROJEM, ROVOKOPA\u010c\/UTOVARIVA\u010c \/ 08.02.2019.<\/li>\n<li><a href=\"\/wp-content\/uploads\/2019\/02\/NATJE\u010cAJ-elektri\u010dar.pdf\" target=\"_blank\" rel=\"noopener\">NATJE\u010cAJ ZA ZAPO\u0160LJAVANJE<\/a> &#8211; ELAKTRI\u010cAR \/ 08.02.2019.<br \/>\n&#8211; <a href=\"\/wp-content\/uploads\/2019\/03\/obavijest_natjecaj_elektricar.pdf\" target=\"_blank\" rel=\"noopener\">OBAVIJEST O REZULTATIMA NATJE\u010cAJA<\/a> \/ 19.03.2019.<\/li>\n<\/ol>\n<p>[\/vc_column_text][\/vc_tta_section][\/vc_tta_tour][\/vc_column][\/vc_row]<\/p>\n","protected":false},"excerpt":{"rendered":"<p>[vc_row][vc_column][vc_tta_tour active_section=&#8221;1&#8243;][vc_tta_section title=&#8221;2022. godina&#8221; tab_id=&#8221;1647250829167-da5f6760-fa08&#8243;][vc_column_text] NATJE\u010cAJ ZA ZAPO\u0160LJAVANJE \/ 26.05.2022. &#8211; ADMINISTRATIVNI REFERENT &#8211; OBAVIJEST O ODABIRU KANDIDATA \/ 06.06.2022. NATJE\u010cAJ ZA ZAPO\u0160LJAVANJE &#8211; GRA\u0110EVINSKI RADNIK \/ 11.03.2022. NATJE\u010cAJ ZA ZAPO\u0160LJAVANJE &#8211; POMO\u0106NI RADNIK U GRA\u0110EVINI \/ 11.03.2022. NATJE\u010cAJ ZA ZAPO\u0160LJAVANJE &#8211; RADNIK NA ODR\u017dAVANJU JAVNIH I ZELENIH POVR\u0160INA \/ 11.03.2022. NATJE\u010cAJ ZA ZAPO\u0160LJAVANJE &#8211;&hellip;<\/p>\n","protected":false},"author":1,"featured_media":0,"parent":197,"menu_order":0,"comment_status":"closed","ping_status":"closed","template":"","meta":{"footnotes":""},"class_list":["post-41","page","type-page","status-publish","hentry","description-off"],"_links":{"self":[{"href":"https:\/\/kom-ilok.hr\/index.php?rest_route=\/wp\/v2\/pages\/41","targetHints":{"allow":["GET"]}}],"collection":[{"href":"https:\/\/kom-ilok.hr\/index.php?rest_route=\/wp\/v2\/pages"}],"about":[{"href":"https:\/\/kom-ilok.hr\/index.php?rest_route=\/wp\/v2\/types\/page"}],"author":[{"embeddable":true,"href":"https:\/\/kom-ilok.hr\/index.php?rest_route=\/wp\/v2\/users\/1"}],"replies":[{"embeddable":true,"href":"https:\/\/kom-ilok.hr\/index.php?rest_route=%2Fwp%2Fv2%2Fcomments&post=41"}],"version-history":[{"count":36,"href":"https:\/\/kom-ilok.hr\/index.php?rest_route=\/wp\/v2\/pages\/41\/revisions"}],"predecessor-version":[{"id":998,"href":"https:\/\/kom-ilok.hr\/index.php?rest_route=\/wp\/v2\/pages\/41\/revisions\/998"}],"up":[{"embeddable":true,"href":"https:\/\/kom-ilok.hr\/index.php?rest_route=\/wp\/v2\/pages\/197"}],"wp:attachment":[{"href":"https:\/\/kom-ilok.hr\/index.php?rest_route=%2Fwp%2Fv2%2Fmedia&parent=41"}],"curies":[{"name":"wp","href":"https:\/\/api.w.org\/{rel}","templated":true}]}}