{"id":401,"date":"2018-03-05T08:36:34","date_gmt":"2018-03-05T07:36:34","guid":{"rendered":"http:\/\/kom-ilok.hr\/?page_id=401"},"modified":"2022-03-25T11:29:55","modified_gmt":"2022-03-25T10:29:55","slug":"javna-nabava-2018","status":"publish","type":"page","link":"https:\/\/kom-ilok.hr\/?page_id=401","title":{"rendered":"Javna nabava 2018"},"content":{"rendered":"<p>[vc_row][vc_column][vc_column_text]<\/p>\n<ul>\n<li><a href=\"\/wp-content\/uploads\/2018\/11\/Poziv-za-dostavu-ponude-21-2018.pdf\" target=\"_blank\" rel=\"noopener\">POZIV ZA DOSTAVU PONUDA U POSTUPKU JEDNOSTAVNE NABAVE<\/a> &#8211; USLUGA \u010cI\u0160\u0106ENJA SNIJEGA I POSIPAVANJE KOLNIKA NERAZVRSTANIH CESTA U NASELJIMA BAPSKA, \u0160ARENGRAD I MOHOVO U ZIMSKOM PERIODU 2018.\/2019.GOD.<br \/>\nEvidencijski broj jednostavne nabave <strong>21-2018 <\/strong>(Studeni, 2018.)<br \/>\n<a href=\"\/wp-content\/uploads\/2018\/11\/Poziv-za-dostavu-ponude-21-2018-Produ\u017eenje-roka-.pdf\" target=\"_blank\" rel=\"noopener\">PRODU\u017dENJE ROKA ZA DOSTAVU PONUDE<\/a> \/ Studeni, 2018)<\/li>\n<li><a href=\"http:\/\/kom-ilok.hr\/wp-content\/uploads\/2018\/11\/Poziv-za-dostavu-ponude-revizija-20-2018.pdf\" target=\"_blank\" rel=\"noopener\">POZIV ZA DOSTAVU PONUDA U POSTUPKU JEDNOSTAVNE NABAVE<\/a> &#8211; USLUGE REVIZIJE FINANCIJSKIH IZVJE\u0160TAJA ZA 2018.GODINU<br \/>\nEvidencijski broj jednostavne nabave <strong>20-2018 <\/strong>(Studeni, 2018.)<\/li>\n<li><a href=\"\/wp-content\/uploads\/2018\/dokumenti\/javna nabava\/Poziv_dostava_ponude_produzeno19-2018.pdf\" target=\"_blank\" rel=\"noopener\">POZIV ZA DOSTAVU PONUDE U POSTUPKU JEDNOSTAVNE NABAVE<\/a> &#8211;\u00a0RABLJENO KOMUNALNO VOZILO ZA SKUPLJANJE I ODVOZ KOMUNALNOG OTPADA\u00a0Evidencijski broj jednostavne nabave <strong>19-2018 <\/strong>(Rujan, 2018.)<br \/>\n<strong>Napomena<\/strong>: Poziv objavljen i u oglasniku javne nabave<\/li>\n<li><a href=\"\/wp-content\/uploads\/2018\/dokumenti\/javna nabava\/Poziv_za_dostavu_ponude_18-2018.pdf\" target=\"_blank\" rel=\"noopener\">POZIV ZA DOSTAVU PONUDE U POSTUPKU JEDNOSTAVNE NABAVE<\/a> &#8211;\u00a0KOMUNALNA OPREMA -\u010cISTILICA ZA POTREBE<br \/>\nKOM-ILOKA d.o.o. ILOK\u00a0Evidencijski broj jednostavne nabave <strong>18-2018<\/strong> (Rujan, 2018.)<br \/>\n<a href=\"\/wp-content\/uploads\/2018\/dokumenti\/javna nabava\/obavijest_odabir_182018.pdf\" target=\"_blank\" rel=\"noopener\">Obavijest o odabiru najpovoljnije ponude<\/a><\/li>\n<li><a href=\"\/wp-content\/uploads\/2018\/dokumenti\/javna nabava\/Poziv_za_dostavu_ponude _17-2018.pdf\" target=\"_blank\" rel=\"noopener\">POZIV ZA DOSTAVU PONUDE U POSTUPKU JEDNOSTAVNE NABAVE<\/a> &#8211;\u00a0RADOVA &#8211; SANACIJA CESTA NA PODRU\u010cJU ILOKA\u00a0Evidencijski broj jednostavne nabave <strong>17-2018\u00a0<\/strong>(Kolovoz, 2018.)<br \/>\n<a href=\"\/wp-content\/uploads\/2018\/dokumenti\/javna nabava\/troskovnik_172018.xls\" target=\"_blank\" rel=\"noopener\">Tro\u0161kovnik<\/a>\u00a0\/\u00a0<a href=\"\/wp-content\/uploads\/2018\/dokumenti\/javna nabava\/obavijest_odabir_172018.pdf\" target=\"_blank\" rel=\"noopener\">Obavijest o odabiru najpovoljnije ponude<\/a><\/li>\n<li><a href=\"\/wp-content\/uploads\/2018\/dokumenti\/javna nabava\/jn162018.pdf\" target=\"_blank\" rel=\"noopener\">POZIV ZA DOSTAVU PONUDE U POSTUPKU JEDNOSTAVNE NABAVE<\/a> &#8211; ROBA &#8211; BETONSKA GALANTERIJA ZA POTREBE KOM-ILOKA d.o.o. ILOK Evidencijski broj jednostavne nabave <strong>16-2018<\/strong> (Srpanj, 2018.)<br \/>\n<a href=\"\/wp-content\/uploads\/2018\/dokumenti\/javna nabava\/jn162018_troskovnik.xls\">Tro\u0161kovnik<\/a> \/\u00a0<a href=\"\/wp-content\/uploads\/2018\/dokumenti\/javna nabava\/obavijest_odabir_162018.pdf\" target=\"_blank\" rel=\"noopener\">Obavijest o odabiru najpovoljnije ponude<\/a><\/li>\n<li><a href=\"\/wp-content\/uploads\/2018\/dokumenti\/javna nabava\/Poziv_za_dostavu_ponude _14_2018.pdf\" target=\"_blank\" rel=\"noopener\">POZIV ZA DOSTAVU PONUDA U POSTUPKU JEDNOSTAVNE NABAVE<\/a> &#8211;\u00a0USLUGA &#8211; DIGITALNI SUSTAV EVIDENCIJE ODVOZA KOMUNALNOG OTPADA Evidencijski broj jednostavne nabave <strong>14-2018<\/strong> (Svibanj, 2018.)<br \/>\n<a href=\"\/wp-content\/uploads\/2018\/dokumenti\/javna nabava\/Obavijest_o_odabiru_ponude _14_2018.pdf\" target=\"_blank\" rel=\"noopener\">Obavijest o odabiru najpovoljnije ponude<\/a><\/li>\n<li><a href=\"\/wp-content\/uploads\/2018\/dokumenti\/javna nabava\/poziv_132018.pdf\" target=\"_blank\" rel=\"noopener\">POZIV ZA DOSTAVU PONUDA U POSTUPKU JEDNOSTAVNE NABAVE<\/a> \u2013 USLUGA &#8211; HORTIKULTURNO URE\u0110ENJE SPOMEN OBILJE\u017dJA U ILOKU\u00a0Evidencijski broj jednostavne nabave <strong>13-2018 <\/strong>(O\u017eujak, 2018.)<strong><br \/>\n<\/strong><a href=\"\/wp-content\/uploads\/2018\/dokumenti\/javna nabava\/troskovnik_132018.xls\">Tro\u0161kovnik<\/a>\u00a0\/ <a href=\"\/wp-content\/uploads\/2018\/dokumenti\/javna nabava\/Obavijest_o_odabiru_ponude_13_2018.pdf\" target=\"_blank\" rel=\"noopener\">Obavijest o odabiru najpovoljnije ponude<\/a><\/li>\n<li><a href=\"\/wp-content\/uploads\/2018\/dokumenti\/javna nabava\/Poziv_za_dostavu_ponude_asfalt_9_2018.pdf\" target=\"_blank\" rel=\"noopener\">POZIV ZA DOSTAVU PONUDA U POSTUPKU JEDNOSTAVNE NABAVE<\/a> \u2013 ROBA &#8211; ASFALT ZA POTREBE KOM-ILOKA d.o.o. ILOK Evidencijski broj jednostavne nabave <strong>9-2018<\/strong> (O\u017eujak, 2018.)<br \/>\n<a href=\"\/wp-content\/uploads\/2018\/dokumenti\/javna nabava\/troskovnik_asfalt_9_2018.xls\" target=\"_blank\" rel=\"noopener\">Tro\u0161kovnik<\/a>\u00a0\/\u00a0<a href=\"\/wp-content\/uploads\/2018\/dokumenti\/Obavijest_o_odabiru_9_2018_Asfalt.pdf\" target=\"_blank\" rel=\"noopener\">Obavijest o odabiru ponude<\/a>\u00a0(16.03.2018.)<\/li>\n<li><a href=\"\/wp-content\/uploads\/2018\/dokumenti\/javna nabava\/javna_nabava_6_2018.pdf\" target=\"_blank\" rel=\"noopener\">POZIV ZA DOSTAVU PONUDA U POSTUPKU JEDNOSTAVNE NABAVE<\/a> \u2013 ROBA &#8211; \u0160LJUNAK, PIJESAK I DROBLJENI KAMEN ZA POTREBE KOM-ILOKA d.o.o. ILOK Evidencijski broj jednostavne nabave <strong>6-2018\u00a0<\/strong>(Velja\u010da, 2018.)<br \/>\n<a href=\"\/wp-content\/uploads\/2018\/dokumenti\/javna nabava\/troskovnik_jn_6_2018.xls\">Tro\u0161kovnik<\/a>\u00a0\/\u00a0<a href=\"\/wp-content\/uploads\/2018\/dokumenti\/Obavijest_o_odabiru_6_2018_spdk.pdf\" target=\"_blank\" rel=\"noopener\">Obavijest o odabiru ponude<\/a>\u00a0(16.03.2018.)<\/li>\n<li><a href=\"http:\/\/kom-ilok.hr\/wp-content\/uploads\/2018\/dokumenti\/javna%20nabava\/javna_nabava-1_2018.pdf\" target=\"_blank\" rel=\"noopener\">POZIV ZA DOSTAVU PONUDA U POSTUPKU JEDNOSTAVNE NABAVE<\/a>\u00a0\u2013 ROBA &#8211; MOTORNA GORIVA ZA POTREBE KOM-ILOKA d.o.o. ILOK U 2018.GOD. Evidencijski broj jednostavne nabave <strong>1-2018<\/strong> (Velja\u010da, 2018.)<br \/>\n<a href=\"\/wp-content\/uploads\/2018\/dokumenti\/javna nabava\/troskovnik_gorivo_novi_1_2018.xls\">Tro\u0161kovnik<\/a>\u00a0\/\u00a0<a href=\"\/wp-content\/uploads\/2018\/dokumenti\/Obavijest_o_odabiru_1_2018_Motorna_goriva.pdf\" target=\"_blank\" rel=\"noopener\">Obavijest o odabiru ponude<\/a>\u00a0(16.03.2018.)<\/li>\n<\/ul>\n<p>[\/vc_column_text][\/vc_column][\/vc_row]<\/p>\n","protected":false},"excerpt":{"rendered":"<p>[vc_row][vc_column][vc_column_text] POZIV ZA DOSTAVU PONUDA U POSTUPKU JEDNOSTAVNE NABAVE &#8211; USLUGA \u010cI\u0160\u0106ENJA SNIJEGA I POSIPAVANJE KOLNIKA NERAZVRSTANIH CESTA U NASELJIMA BAPSKA, \u0160ARENGRAD I MOHOVO U ZIMSKOM PERIODU 2018.\/2019.GOD. Evidencijski broj jednostavne nabave 21-2018 (Studeni, 2018.) PRODU\u017dENJE ROKA ZA DOSTAVU PONUDE \/ Studeni, 2018) POZIV ZA DOSTAVU PONUDA U POSTUPKU JEDNOSTAVNE NABAVE &#8211; USLUGE REVIZIJE FINANCIJSKIH&hellip;<\/p>\n","protected":false},"author":1,"featured_media":0,"parent":29,"menu_order":0,"comment_status":"closed","ping_status":"closed","template":"","meta":{"footnotes":""},"class_list":["post-401","page","type-page","status-publish","hentry","description-off"],"_links":{"self":[{"href":"https:\/\/kom-ilok.hr\/index.php?rest_route=\/wp\/v2\/pages\/401","targetHints":{"allow":["GET"]}}],"collection":[{"href":"https:\/\/kom-ilok.hr\/index.php?rest_route=\/wp\/v2\/pages"}],"about":[{"href":"https:\/\/kom-ilok.hr\/index.php?rest_route=\/wp\/v2\/types\/page"}],"author":[{"embeddable":true,"href":"https:\/\/kom-ilok.hr\/index.php?rest_route=\/wp\/v2\/users\/1"}],"replies":[{"embeddable":true,"href":"https:\/\/kom-ilok.hr\/index.php?rest_route=%2Fwp%2Fv2%2Fcomments&post=401"}],"version-history":[{"count":31,"href":"https:\/\/kom-ilok.hr\/index.php?rest_route=\/wp\/v2\/pages\/401\/revisions"}],"predecessor-version":[{"id":952,"href":"https:\/\/kom-ilok.hr\/index.php?rest_route=\/wp\/v2\/pages\/401\/revisions\/952"}],"up":[{"embeddable":true,"href":"https:\/\/kom-ilok.hr\/index.php?rest_route=\/wp\/v2\/pages\/29"}],"wp:attachment":[{"href":"https:\/\/kom-ilok.hr\/index.php?rest_route=%2Fwp%2Fv2%2Fmedia&parent=401"}],"curies":[{"name":"wp","href":"https:\/\/api.w.org\/{rel}","templated":true}]}}