{"id":35,"date":"2017-11-16T10:44:03","date_gmt":"2017-11-16T09:44:03","guid":{"rendered":"http:\/\/kom-ilok.hr\/?page_id=35"},"modified":"2025-10-28T11:21:31","modified_gmt":"2025-10-28T10:21:31","slug":"o-nama","status":"publish","type":"page","link":"https:\/\/kom-ilok.hr\/?page_id=35","title":{"rendered":"O NAMA"},"content":{"rendered":"<p>[vc_row][vc_column][vc_column_text]Kom-Ilok d.o.o. nastao je razdvajanjem dru\u0161tva Komunalije d.o.o. za obavljanje komunalnih djelatnosti. Novo dru\u0161tvo pravni je sljednik dru\u0161tva Komunalije d.o.o. temeljem provedenog postupka\u00a0 podjele s osnivanjem i sa svojim radom zapo\u010delo je 19.prosinca 2013.godine.<\/p>\n<p>Grad Ilok je jedini osniva\u010d dru\u0161tva Kom-Ilok d.o.o. i stopostotni vlasnik.<\/p>\n<p><strong>U poslovanju dru\u0161tva Kom-Ilok d.o.o. obuhva\u0107ene su sljede\u0107e djelatnosti:<\/strong><\/p>\n<ul>\n<li>gospodarenje otpadom<\/li>\n<li>odr\u017eavanje javnih zelenih povr\u0161ina<\/li>\n<li>odr\u017eavanje nerazvrstanih cesta<\/li>\n<li>izgradnja jednostavnih gra\u0111evina<\/li>\n<li>odr\u017eavanje groblja i obavljanje pogrebnih usluga<\/li>\n<li>zimska slu\u017eba<\/li>\n<\/ul>\n<p>Poslovanje se obavlja u skladu s postoje\u0107om zakonskom regulativom.<\/p>\n<p><strong>Osnovni podaci:<\/strong><\/p>\n<p>Kom-Ilok d.o.o.<br \/>\nJulija Bene\u0161i\u0107a 49<br \/>\n32236 Ilok<br \/>\nRepublika Hrvatska<br \/>\nKontakt telefon: 032\/ 827-350<\/p>\n<p>OIB: 31574808968<br \/>\nMB: 4173562<br \/>\nIBAN: IBAN: HR2323400091110930630 &#8211; PRIVREDNA BANKA ZAGREB<br \/>\nDru\u0161tvo je upisano u sudski registar kod Trgova\u010dkog suda u Osijeku pod MBS 030142930<br \/>\nTemeljni kapital dru\u0161tva iznosi: 825.300 kn<\/p>\n<p><strong>Organi dru\u0161tva su: Uprava, Skup\u0161tina i Nadzorni odbor <\/strong><\/p>\n<p><strong>Skup\u0161tina<\/strong><\/p>\n<p>Skup\u0161tina je najvi\u0161i organ dru\u0161tva KOM-ILOKA D.O.O.<br \/>\nSkup\u0161tinu dru\u0161tva \u00a0KOM-ILOK D.O.O.\u00a0 \u010dini gradona\u010delnik\/ca Grada Iloka .<\/p>\n<p><strong>Renata Bano\u017ei\u0107, mag.oec<br \/>\n<\/strong>Predsjednik Skup\u0161tine<br \/>\ne-mail:\u00a0<a href=\"mailto:grad.ilok@grad.hr\">grad.ilok@grad.hr<\/a><br \/>\ntel: +385 (0)32 592 950<\/p>\n<p><strong>Nadzorni odbor\u00a0\u00a0<\/strong><\/p>\n<p>Dru\u0161tvo nema Nadzorni odbor.<\/p>\n<p><strong>Uprava dru\u0161tva -Direktor<\/strong><br \/>\nUprava dru\u0161tva sastoji se od jednog \u010dlana uprave \u2013 direktora dru\u0161tva.<br \/>\n\u010clan uprave \u2013 direktor zastupa dru\u0161tvo pojedina\u010dno i samostalno.<br \/>\n<strong>Ante Knezovi\u0107, mag.ing.agr., direktor<\/strong><br \/>\nImenovan odlukom Skup\u0161tine od 31. kolovoza 2025. godine<br \/>\ne-mail:\u00a0\u00a0<a href=\"mailto:direktor@kom-ilok.hr\">direktor@kom-ilok.hr<\/a>, tel: +385 (0)32 827 350[\/vc_column_text][\/vc_column][\/vc_row]<\/p>\n","protected":false},"excerpt":{"rendered":"<p>[vc_row][vc_column][vc_column_text]Kom-Ilok d.o.o. nastao je razdvajanjem dru\u0161tva Komunalije d.o.o. za obavljanje komunalnih djelatnosti. Novo dru\u0161tvo pravni je sljednik dru\u0161tva Komunalije d.o.o. temeljem provedenog postupka\u00a0 podjele s osnivanjem i sa svojim radom zapo\u010delo je 19.prosinca 2013.godine. Grad Ilok je jedini osniva\u010d dru\u0161tva Kom-Ilok d.o.o. i stopostotni vlasnik. U poslovanju dru\u0161tva Kom-Ilok d.o.o. obuhva\u0107ene su sljede\u0107e djelatnosti: gospodarenje&hellip;<\/p>\n","protected":false},"author":1,"featured_media":0,"parent":0,"menu_order":0,"comment_status":"closed","ping_status":"closed","template":"","meta":{"footnotes":""},"class_list":["post-35","page","type-page","status-publish","hentry","description-off"],"_links":{"self":[{"href":"https:\/\/kom-ilok.hr\/index.php?rest_route=\/wp\/v2\/pages\/35","targetHints":{"allow":["GET"]}}],"collection":[{"href":"https:\/\/kom-ilok.hr\/index.php?rest_route=\/wp\/v2\/pages"}],"about":[{"href":"https:\/\/kom-ilok.hr\/index.php?rest_route=\/wp\/v2\/types\/page"}],"author":[{"embeddable":true,"href":"https:\/\/kom-ilok.hr\/index.php?rest_route=\/wp\/v2\/users\/1"}],"replies":[{"embeddable":true,"href":"https:\/\/kom-ilok.hr\/index.php?rest_route=%2Fwp%2Fv2%2Fcomments&post=35"}],"version-history":[{"count":15,"href":"https:\/\/kom-ilok.hr\/index.php?rest_route=\/wp\/v2\/pages\/35\/revisions"}],"predecessor-version":[{"id":1307,"href":"https:\/\/kom-ilok.hr\/index.php?rest_route=\/wp\/v2\/pages\/35\/revisions\/1307"}],"wp:attachment":[{"href":"https:\/\/kom-ilok.hr\/index.php?rest_route=%2Fwp%2Fv2%2Fmedia&parent=35"}],"curies":[{"name":"wp","href":"https:\/\/api.w.org\/{rel}","templated":true}]}}