{"id":244,"date":"2018-01-20T07:21:04","date_gmt":"2018-01-20T06:21:04","guid":{"rendered":"http:\/\/kom-ilok.hr\/?page_id=244"},"modified":"2018-10-16T10:38:31","modified_gmt":"2018-10-16T08:38:31","slug":"kontakt","status":"publish","type":"page","link":"https:\/\/kom-ilok.hr\/?page_id=244","title":{"rendered":"KONTAKT"},"content":{"rendered":"<div class=\"wpforms-container wpforms-container-full\" id=\"wpforms-363\"><form id=\"wpforms-form-363\" class=\"wpforms-validate wpforms-form\" data-formid=\"363\" method=\"post\" enctype=\"multipart\/form-data\" action=\"\/index.php?rest_route=%2Fwp%2Fv2%2Fpages%2F244\" data-token=\"f05481548dfbdfd61ee4a172e19a58fc\" data-token-time=\"1776175448\"><noscript class=\"wpforms-error-noscript\">Please enable JavaScript in your browser to complete this form.<\/noscript><div class=\"wpforms-field-container\"><div id=\"wpforms-363-field_0-container\" class=\"wpforms-field wpforms-field-name\" data-field-id=\"0\"><label class=\"wpforms-field-label\" for=\"wpforms-363-field_0\">Va\u0161e ime <span class=\"wpforms-required-label\">*<\/span><\/label><input type=\"text\" id=\"wpforms-363-field_0\" class=\"wpforms-field-medium wpforms-field-required\" name=\"wpforms[fields][0]\" required><\/div><div id=\"wpforms-363-field_1-container\" class=\"wpforms-field wpforms-field-email\" data-field-id=\"1\"><label class=\"wpforms-field-label\" for=\"wpforms-363-field_1\">Va\u0161 email <span class=\"wpforms-required-label\">*<\/span><\/label><input type=\"email\" id=\"wpforms-363-field_1\" class=\"wpforms-field-medium wpforms-field-required\" name=\"wpforms[fields][1]\" spellcheck=\"false\" required><\/div><div id=\"wpforms-363-field_4-container\" class=\"wpforms-field wpforms-field-radio wpforms-list-2-columns\" data-field-id=\"4\"><label class=\"wpforms-field-label\">Odaberite slu\u017ebu kojoj se obra\u0107ate<\/label><ul id=\"wpforms-363-field_4\"><li class=\"choice-1 depth-1\"><input type=\"radio\" id=\"wpforms-363-field_4_1\" name=\"wpforms[fields][4]\" value=\"Uprava tvrtke\"  ><label class=\"wpforms-field-label-inline\" for=\"wpforms-363-field_4_1\">Uprava tvrtke<\/label><\/li><li class=\"choice-2 depth-1\"><input type=\"radio\" id=\"wpforms-363-field_4_2\" name=\"wpforms[fields][4]\" value=\"Ra\u010dunovodstvo\"  ><label class=\"wpforms-field-label-inline\" for=\"wpforms-363-field_4_2\">Ra\u010dunovodstvo<\/label><\/li><li class=\"choice-3 depth-1\"><input type=\"radio\" id=\"wpforms-363-field_4_3\" name=\"wpforms[fields][4]\" value=\"Odjel za gospodarenje otpadom\"  ><label class=\"wpforms-field-label-inline\" for=\"wpforms-363-field_4_3\">Odjel za gospodarenje otpadom<\/label><\/li><li class=\"choice-4 depth-1\"><input type=\"radio\" id=\"wpforms-363-field_4_4\" name=\"wpforms[fields][4]\" value=\"Odjel za \u010disto\u0107u, zelenilo i zimsku slu\u017ebu\"  ><label class=\"wpforms-field-label-inline\" for=\"wpforms-363-field_4_4\">Odjel za \u010disto\u0107u, zelenilo i zimsku slu\u017ebu<\/label><\/li><li class=\"choice-5 depth-1\"><input type=\"radio\" id=\"wpforms-363-field_4_5\" name=\"wpforms[fields][4]\" value=\"Groblje\"  ><label class=\"wpforms-field-label-inline\" for=\"wpforms-363-field_4_5\">Groblje<\/label><\/li><li class=\"choice-6 depth-1\"><input type=\"radio\" id=\"wpforms-363-field_4_6\" name=\"wpforms[fields][4]\" value=\"Gra\u0111evina\"  ><label class=\"wpforms-field-label-inline\" for=\"wpforms-363-field_4_6\">Gra\u0111evina<\/label><\/li><\/ul><\/div><div id=\"wpforms-363-field_2-container\" class=\"wpforms-field wpforms-field-textarea\" data-field-id=\"2\"><label class=\"wpforms-field-label\" for=\"wpforms-363-field_2\">Va\u0161a poruka <span class=\"wpforms-required-label\">*<\/span><\/label><textarea id=\"wpforms-363-field_2\" class=\"wpforms-field-medium wpforms-field-required\" name=\"wpforms[fields][2]\" required><\/textarea><\/div><div id=\"wpforms-363-field_5-container\" class=\"wpforms-field wpforms-field-checkbox\" data-field-id=\"5\"><label class=\"wpforms-field-label\">Za\u0161tita podataka <span class=\"wpforms-required-label\">*<\/span><\/label><ul id=\"wpforms-363-field_5\" class=\"wpforms-field-required\"><li class=\"choice-1 depth-1\"><input type=\"checkbox\" id=\"wpforms-363-field_5_1\" name=\"wpforms[fields][5][]\" value=\"Slanjem ove poruke dajem privolu za kori\u0161tenje gore unesenih podataka poduze\u0107u Kom-Ilok d.o.o. a sukladno na\u0161oj politici privatnosti\" required ><label class=\"wpforms-field-label-inline\" for=\"wpforms-363-field_5_1\">Slanjem ove poruke dajem privolu za kori\u0161tenje gore unesenih podataka poduze\u0107u Kom-Ilok d.o.o. a sukladno na\u0161oj politici privatnosti<\/label><\/li><\/ul><\/div><\/div><!-- .wpforms-field-container --><div class=\"wpforms-field wpforms-field-hp\"><label for=\"wpforms-363-field-hp\" class=\"wpforms-field-label\">Phone<\/label><input type=\"text\" name=\"wpforms[hp]\" id=\"wpforms-363-field-hp\" class=\"wpforms-field-medium\"><\/div><div class=\"wpforms-submit-container\" ><input type=\"hidden\" name=\"wpforms[id]\" value=\"363\"><input type=\"hidden\" name=\"page_title\" value=\"\"><input type=\"hidden\" name=\"page_url\" value=\"https:\/\/kom-ilok.hr\/index.php?rest_route=\/wp\/v2\/pages\/244\"><input type=\"hidden\" name=\"url_referer\" value=\"\"><button type=\"submit\" name=\"wpforms[submit]\" id=\"wpforms-submit-363\" class=\"wpforms-submit\" data-alt-text=\"Poslano, hvala.\" data-submit-text=\"Po\u0161alji\" aria-live=\"assertive\" value=\"wpforms-submit\">Po\u0161alji<\/button><\/div><\/form><\/div>  <!-- .wpforms-container -->\n<p><iframe loading=\"lazy\" src=\"https:\/\/www.google.com\/maps\/embed?pb=!1m14!1m8!1m3!1d2810.094635682023!2d19.3794933!3d45.2256533!3m2!1i1024!2i768!4f13.1!3m3!1m2!1s0x475b79f05341a74d%3A0xab8bd561eacd4ed3!2sUl.+Julija+Bene%C5%A1i%C4%87a+49%2C+32236%2C+Ilok!5e0!3m2!1shr!2shr!4v1519028693768\" width=\"100%\" height=\"350\" frameborder=\"1\" style=\"border:1\" allowfullscreen><\/iframe><\/p>\n","protected":false},"excerpt":{"rendered":"<p>Please enable JavaScript in your browser to complete this form.Va\u0161e ime *Va\u0161 email *Odaberite slu\u017ebu kojoj se obra\u0107ateUprava tvrtkeRa\u010dunovodstvoOdjel za gospodarenje otpadomOdjel za \u010disto\u0107u, zelenilo i zimsku slu\u017ebuGrobljeGra\u0111evinaVa\u0161a poruka *Za\u0161tita podataka *Slanjem ove poruke dajem privolu za kori\u0161tenje gore unesenih podataka poduze\u0107u Kom-Ilok d.o.o. a sukladno na\u0161oj politici privatnostiCommentPo\u0161alji<\/p>\n","protected":false},"author":1,"featured_media":0,"parent":0,"menu_order":0,"comment_status":"closed","ping_status":"open","template":"","meta":{"footnotes":""},"class_list":["post-244","page","type-page","status-publish","hentry","description-off"],"_links":{"self":[{"href":"https:\/\/kom-ilok.hr\/index.php?rest_route=\/wp\/v2\/pages\/244","targetHints":{"allow":["GET"]}}],"collection":[{"href":"https:\/\/kom-ilok.hr\/index.php?rest_route=\/wp\/v2\/pages"}],"about":[{"href":"https:\/\/kom-ilok.hr\/index.php?rest_route=\/wp\/v2\/types\/page"}],"author":[{"embeddable":true,"href":"https:\/\/kom-ilok.hr\/index.php?rest_route=\/wp\/v2\/users\/1"}],"replies":[{"embeddable":true,"href":"https:\/\/kom-ilok.hr\/index.php?rest_route=%2Fwp%2Fv2%2Fcomments&post=244"}],"version-history":[{"count":10,"href":"https:\/\/kom-ilok.hr\/index.php?rest_route=\/wp\/v2\/pages\/244\/revisions"}],"predecessor-version":[{"id":459,"href":"https:\/\/kom-ilok.hr\/index.php?rest_route=\/wp\/v2\/pages\/244\/revisions\/459"}],"wp:attachment":[{"href":"https:\/\/kom-ilok.hr\/index.php?rest_route=%2Fwp%2Fv2%2Fmedia&parent=244"}],"curies":[{"name":"wp","href":"https:\/\/api.w.org\/{rel}","templated":true}]}}