{"id":208,"date":"2018-01-15T10:31:07","date_gmt":"2018-01-15T09:31:07","guid":{"rendered":"http:\/\/kom-ilok.hr\/?page_id=208"},"modified":"2018-01-31T20:17:03","modified_gmt":"2018-01-31T19:17:03","slug":"raspored-odvoza-otpada","status":"publish","type":"page","link":"https:\/\/kom-ilok.hr\/?page_id=208","title":{"rendered":"Raspored odvoza otpada"},"content":{"rendered":"<div class=\"rtbs  rtbs_263\"><div class=\"rtbs_slug\" style=\"display:none\">263<\/div><div class=\"rtbs_inactive_tab_background\" style=\"display:none\">transparent<\/div><div class=\"rtbs_breakpoint\" style=\"display:none\">600<\/div><div class=\"rtbs_color\" style=\"display:none\">#76db8f<\/div>\r\n        <div class=\"rtbs_menu\">\r\n            <ul>\r\n                <li class=\"mobile_toggle\">&zwnj;<\/li><li class=\"current\"><a style=\"background:#76db8f\" class=\"active 263-tab-link-0\" href=\"#\" data-tab=\"#263-tab-0\">RASPORED ODVOZA MIJE\u0160ANOG KOMUNALNOG OTPADA I RECIKLABILNOG OTPADA (PAPIR I PLASTIKA)<\/a><\/li><li><a href=\"#\" data-tab=\"#263-tab-1\" class=\"263-tab-link-1\">LOKACIJA I RADNO VRIJEME RECIKLA\u017dNOG DVORI\u0160TA<\/a><\/li><li><a href=\"#\" data-tab=\"#263-tab-2\" class=\"263-tab-link-2\">LOKACIJA I RADNO VRIJEME MOBILNOG RECIKLA\u017dNOG DVORI\u0160TA<\/a><\/li><li><a href=\"#\" data-tab=\"#263-tab-3\" class=\"263-tab-link-3\">PLAN S DATUMIMA PREUZIMANJA GLOMAZNOG OTPADA U OKVIRU  JAVNE USLUGE<\/a><\/li><li><a href=\"#\" data-tab=\"#263-tab-4\" class=\"263-tab-link-4\">TERMINI KADA SE OTPAD NE ODVOZI ZBOG BLAGDANA ILI PRAZNIKA<\/a><\/li>\r\n            <\/ul>\r\n        <\/div><div style=\"border-top:7px solid #76db8f;\" id=\"263-tab-0\" class=\"rtbs_content active\"><p><strong>PONEDJELJAK\u00a0<\/strong><\/p>\n<ol>\n<li>Dr. Franje Tu\u0111mana<\/li>\n<li>Dunavska<\/li>\n<li>Vlatka Kraljevi\u0107a<\/li>\n<li>Vladka Ma\u010deka<\/li>\n<li>Zrinski Frankopana<\/li>\n<li>\u0160etali\u0161te o.M. Barbari\u0107a<\/li>\n<li>Julija Bene\u0161i\u0107a<\/li>\n<li>Ko\u0161evi<\/li>\n<li>\u017didovska<\/li>\n<li>Ribarska<\/li>\n<li>Turska skela<\/li>\n<\/ol>\n<p><strong>UTORAK<\/strong><\/p>\n<ol>\n<li>Svaki 1. utorak u mjesecu \u2013 otpadni papir i karton \u2013 u Iloku<\/li>\n<li>Svaki 2. utorak u mjesecu \u2013 otpadni papir i karton \u2013 \u0160arengrad, Bapska i Mohovo i podru\u010dje grada Iloka koje se prema rasporedu odvoza MKO odvozi petkom<\/li>\n<li>Svaki 3. utorak u mjesecu \u2013 plastika \u2013 u Iloku<\/li>\n<li>Svaki 4. utorak u mjesecu \u2013 plastika \u2013 \u0160arengrad, Bapska, Mohovo i podru\u010dje grada Iloka koje se prema rasporedu odvoza MKO odvozi petkom<\/li>\n<\/ol>\n<p><strong>SRIJEDA \u2013 Ulice u gradu Iloku i naselja:<\/strong><\/p>\n<ol>\n<li>Augusta \u0160enoe<\/li>\n<li>Kralja Tomislava<\/li>\n<li>Ante Star\u010devi\u0107a<\/li>\n<li>Bra\u0107e \u0110akovi\u0107a<\/li>\n<li>Ante Bene\u0161i\u0107a<\/li>\n<li>Fru\u0161kogorska<\/li>\n<li>Matice Hrvatske<\/li>\n<li>J.J. Strossmayera<\/li>\n<li>Tomislava Bo\u0161njaka<\/li>\n<li>Gorana \u0160tipka<\/li>\n<li>\u0160ARENGRAD<\/li>\n<li>BAPSKA<\/li>\n<li>MOHOVO<\/li>\n<\/ol>\n<p><strong>\u010cETVRTAK<\/strong><\/p>\n<ol>\n<li>Zagreba\u010dka<\/li>\n<li>Ivana Gunduli\u0107a<\/li>\n<li>Vladimira Nazora<\/li>\n<li>Trg \u017ertava Domovinskog rata<\/li>\n<li>Antuna Gustava Mato\u0161a<\/li>\n<li>Srijemska<\/li>\n<li>Miroslava Krle\u017ee<\/li>\n<li>Hercegova\u010dka<\/li>\n<li>Augusta Cesarca<\/li>\n<li>Stjepana Radi\u0107a<\/li>\n<li>Ljudevita Gaja<\/li>\n<li>Marka Papka<\/li>\n<\/ol>\n<p><strong>PETAK<\/strong><\/p>\n<ol>\n<li>Milana \u0160tefanika<\/li>\n<li>Ljudevita \u0160tura<\/li>\n<li>Petra Preradovi\u0107a<\/li>\n<li>Masarikova<\/li>\n<li>Ivana Gorana Kova\u010di\u0107a<\/li>\n<li>Bana Josipa Jela\u010di\u0107a<\/li>\n<li>Dr. Alojzija Stepinca<\/li>\n<li>Kneza Branimira<\/li>\n<li>A. i N. Vor\u0161ak<\/li>\n<li>Jozefa Maliaka<\/li>\n<li>Ivana Me\u0161trovi\u0107a<\/li>\n<li>Matije Gupca<\/li>\n<li>Vodenica<\/li>\n<li>Staklenac<\/li>\n<li>Grobljanska<\/li>\n<li>\u0160kolska<\/li>\n<li>Samuela Zajaca<\/li>\n<li>Ribnjak<\/li>\n<li>Kneza Trpimira<\/li>\n<li>Kralja Zvonimira<\/li>\n<\/ol>\n<p>\u00a0<\/p>\n<div style=\"margin-top:30px; clear:both;\"><\/div><\/div><div style=\"border-top:7px solid #76db8f;\" id=\"263-tab-1\" class=\"rtbs_content\"><p>Lokacija: Ivana Gorana Kova\u010di\u0107a 158, Ilok<\/p>\n<p>Radno vrijeme:<\/p>\n<p>Ponedjeljak, srijeda i petak\u00a0 \u00a0 \u00a0 \u00a0 \u00a0 10,00\u00a0\u00a0 -\u00a0 17,00 SATI<\/p>\n<p>Subota\u00a0 \u00a0 \u00a0 \u00a0 \u00a0 \u00a0 \u00a0 \u00a0 \u00a0 \u00a0 \u00a0 \u00a0 \u00a0 \u00a0 \u00a0 \u00a0 \u00a0 \u00a0 \u00a0 \u00a0 \u00a0 \u00a0 \u00a008,00\u00a0\u00a0 -\u00a0 11,00 SATI<\/p>\n<div style=\"margin-top:30px; clear:both;\"><\/div><\/div><div style=\"border-top:7px solid #76db8f;\" id=\"263-tab-2\" class=\"rtbs_content\"><p>Mobilno recikla\u017eno dvori\u0161te dolazi u Ilok svaku prvu subotu u mjesecu.<\/p>\n<p>Ujutro se nalazi u Iloku, a poslijepodne u selima (redoslijed sela: \u0160arengrad, Bapska, Mohovo)<\/p>\n<p>Ilok \u2013 parkirali\u0161te na Trgu \u017ertava Domovinskog rata (kod autobusnog stajali\u0161ta)<br \/>\u0160arengrad \u2013 slobodan prostor u Ribarskoj ulici<br \/>Bapska \u2013 Ekonomija (\"Unikom\") u ulici Josipa Jela\u010di\u0107a<br \/>Mohovo \u2013 ulica Sv. Nikole Taveli\u0107a, preko puta dru\u0161tvenog doma<\/p>\n<div style=\"margin-top:30px; clear:both;\"><\/div><\/div><div style=\"border-top:7px solid #76db8f;\" id=\"263-tab-3\" class=\"rtbs_content\"><p>Korisnici javne usluge prikupljanja mije\u0161anog i biorazgradivog komunalnog otpada imaju pravo na odvoz glomaznog otpada jednom godi\u0161nje u koli\u010dini do 3 m3. Prijave za prikupljanje glomaznog otpada vr\u0161e se na broj telefona 032\/827-362 ili 032\/827-350. Nakon prijave, a najkasnije dan prije termina odvoza glomaznog otpada, korisnik je du\u017ean glomazni otpad pripremiti van na vidljivu povr\u0161inu ispred ku\u0107e\/obra\u010dunskog mjesta. Planirani datumi za odvoz glomaznog otpada su od 01.03.2025.god. do 30.04.2025.god.<\/p>\n<p>Korisnik javne usluge koji ima ve\u0107e koli\u010dine otpada (glomazni otpad, otpadni papir i plastiku) od koli\u010dina koje mo\u017ee predati u sklopu javne usluge mo\u017ee predati na Recikla\u017eno dvori\u0161te.<\/p>\n<div style=\"margin-top:30px; clear:both;\"><\/div><\/div><div style=\"border-top:7px solid #76db8f;\" id=\"263-tab-4\" class=\"rtbs_content\"><table width=\"619\">\n<tbody>\n<tr>\n<td width=\"310\"><strong>NEMA ODVOZA<\/strong><\/td>\n<td width=\"310\"><strong>ZAMJENSKI ODVOZ<\/strong><\/td>\n<\/tr>\n<tr>\n<td width=\"310\">01. 01. - srijeda<\/td>\n<td width=\"310\">02. 01. - \u010detvrtak<\/td>\n<\/tr>\n<tr>\n<td width=\"310\">06. 01. - ponedjeljak<\/td>\n<td width=\"310\">07. 01. - utorak<\/td>\n<\/tr>\n<tr>\n<td width=\"310\">21. 04. - ponedjeljak<\/td>\n<td width=\"310\">22.04. - utorak<\/td>\n<\/tr>\n<tr>\n<td width=\"310\">01. 05. - \u010detvrtak<\/td>\n<td width=\"310\">02. 05. - petak<\/td>\n<\/tr>\n<tr>\n<td width=\"310\">30. 05. - petak<\/td>\n<td width=\"310\">02. 06. - ponedjeljak<\/td>\n<\/tr>\n<tr>\n<td width=\"310\">19. 06. - \u010detvrtak<\/td>\n<td width=\"310\">20. 06. - petak<\/td>\n<\/tr>\n<tr>\n<td width=\"310\">05. 08. - utorak<\/td>\n<td width=\"310\">06. 08. - srijeda<\/td>\n<\/tr>\n<tr>\n<td width=\"310\">15. 08. - petak<\/td>\n<td width=\"310\">18. 08. - ponedjeljak<\/td>\n<\/tr>\n<tr>\n<td width=\"310\">18. 11. - utorak<\/td>\n<td width=\"310\">19. 11. - srijeda<\/td>\n<\/tr>\n<tr>\n<td width=\"310\">25. 12. - \u010detvrtak<\/td>\n<td width=\"310\">29. 12. - ponedjeljak<\/td>\n<\/tr>\n<tr>\n<td width=\"310\">26. 12. - petak<\/td>\n<td width=\"310\">29. 12. - ponedjeljak<\/td>\n<\/tr>\n<\/tbody>\n<\/table>\n<div style=\"margin-top:30px; clear:both;\"><\/div><\/div>\r\n    <\/div>\r\n    \n","protected":false},"excerpt":{"rendered":"","protected":false},"author":1,"featured_media":0,"parent":197,"menu_order":0,"comment_status":"closed","ping_status":"open","template":"","meta":{"footnotes":""},"class_list":["post-208","page","type-page","status-publish","hentry","description-off"],"_links":{"self":[{"href":"https:\/\/kom-ilok.hr\/index.php?rest_route=\/wp\/v2\/pages\/208","targetHints":{"allow":["GET"]}}],"collection":[{"href":"https:\/\/kom-ilok.hr\/index.php?rest_route=\/wp\/v2\/pages"}],"about":[{"href":"https:\/\/kom-ilok.hr\/index.php?rest_route=\/wp\/v2\/types\/page"}],"author":[{"embeddable":true,"href":"https:\/\/kom-ilok.hr\/index.php?rest_route=\/wp\/v2\/users\/1"}],"replies":[{"embeddable":true,"href":"https:\/\/kom-ilok.hr\/index.php?rest_route=%2Fwp%2Fv2%2Fcomments&post=208"}],"version-history":[{"count":4,"href":"https:\/\/kom-ilok.hr\/index.php?rest_route=\/wp\/v2\/pages\/208\/revisions"}],"predecessor-version":[{"id":264,"href":"https:\/\/kom-ilok.hr\/index.php?rest_route=\/wp\/v2\/pages\/208\/revisions\/264"}],"up":[{"embeddable":true,"href":"https:\/\/kom-ilok.hr\/index.php?rest_route=\/wp\/v2\/pages\/197"}],"wp:attachment":[{"href":"https:\/\/kom-ilok.hr\/index.php?rest_route=%2Fwp%2Fv2%2Fmedia&parent=208"}],"curies":[{"name":"wp","href":"https:\/\/api.w.org\/{rel}","templated":true}]}}