{"id":206,"date":"2018-01-15T10:18:33","date_gmt":"2018-01-15T09:18:33","guid":{"rendered":"http:\/\/kom-ilok.hr\/?page_id=206"},"modified":"2026-02-19T11:42:12","modified_gmt":"2026-02-19T10:42:12","slug":"pravo-na-pristup-informacijama","status":"publish","type":"page","link":"https:\/\/kom-ilok.hr\/?page_id=206","title":{"rendered":"Pravo na pristup informacijama"},"content":{"rendered":"<p>[vc_row][vc_column][vc_column_text]<strong>SLU\u017dBENIK ZA INFORMIRANJE<\/strong><\/p>\n<p>Pravo na pristup informacijama i ponovnu uporabu informacija koje posjeduje, raspola\u017ee ili nadzire KOM-ILOK d.o.o. ure\u0111eno je Zakonom o pravu na pristup informacijama (NN 25\/13, 85\/15, 69\/22). Zakonom se propisuju i na\u010dela prava na pristup, izuzeci od prava na pristup, te postupak za ostvarivanje i za\u0161titu prava na pristup informacijama. Cilj zakona je omogu\u0107iti i osigurati informaciju fizi\u010dkim i pravnim osobama putem otvorenosti i javnosti djelovanja tijela javne vlasti, sukladno zakonu.<\/p>\n<p>Zahtjev za pravo na pristup informacijama i ponovnu uporabu informacija mo\u017eete podnijeti:<\/p>\n<ul>\n<li>putem telefona na broj: 032\/827-350<\/li>\n<li>putem elektroni\u010dke po\u0161te: <a href=\"mailto:ivana.rudic@kom-ilok.hr\">ivana.rudic@kom-ilok.hr<\/a><\/li>\n<li>po\u0161tom ili osobno na adresu: Kom-Ilok d.o.o., Julija Bene\u0161i\u0107a 49, 32 236 Ilok<\/li>\n<\/ul>\n<p>Slu\u017ebenik za informiranje: <strong>Ivana Rudi\u0107 <\/strong>(<a href=\"\/wp-content\/uploads\/2026\/Odluka-o-imenovanju-sluzbenika-za-informiranje-IR-KOM-ILOK.pdf\" target=\"_blank\" rel=\"noopener\">Odluka o imenovanju slu\u017ebenika za informiranje<\/a>)<strong><br \/>\n<\/strong><\/p>\n<p>Prilikom podno\u0161enja zahtjeva nije potrebno platiti upravnu niti sudsku pristojbu.<\/p>\n<p>KOM-ILOK d.o.o. ima pravo na naknadu stvarnih materijalnih tro\u0161kova koji nastanu pru\u017eanjem informacije korisniku prava na pristup informacijama i ponovnu uporabu informacija, kao i na naknadu tro\u0161kova dostave tra\u017eene informacije, koja se napla\u0107uje sukladno Kriterijima za odre\u0111ivanje visine naknade stvarnih materijalnih tro\u0161kova i tro\u0161kova dostave informacije (NN 12\/14, 15\/14).<\/p>\n<p>Linkovi za:<\/p>\n<p><a href=\"\/wp-content\/uploads\/2026\/pravo_ppi_kom_ilok.pdf\" target=\"_blank\" rel=\"noopener\">Pravo na pristup informacijama i ponovnu uporabu informacija<\/a><br \/>\n<a href=\"\/wp-content\/uploads\/2018\/dokumenti\/Zahtjev-za-pristup-informacijama.doc\">Zahtjev za pristup informacijama<\/a><br \/>\n<a href=\"\/wp-content\/uploads\/2018\/dokumenti\/Zahtjev-za-dopunu-ili-ispravak-informacije.doc\">Zatjev za dopunu ili ispravak informacije<\/a><br \/>\n<a href=\"\/wp-content\/uploads\/2018\/dokumenti\/Zahtjev-za-ponovnu-uporabu-informacija.doc\">Zahtjev za ponovnu uporabu informacije<\/a><br \/>\n<a href=\"\/wp-content\/uploads\/2018\/dokumenti\/Zakon_o_pravu_na_pristup_informacijama.pdf\" target=\"_blank\" rel=\"noopener\">Zakon o pravu na pristup informacijama (NN 25\/13)<\/a><br \/>\n<a href=\"\/wp-content\/uploads\/2018\/dokumenti\/Kriterij_za_odreivanje_visine_naknade_stvarnih_materijalnih_trokova_i_trokova_dostave_informacije_NN12_14_NN15_14.pdf\" target=\"_blank\" rel=\"noopener\">Kriterij za odre\u0111ivanje visine naknade stvarnih materijalnih tro\u0161kova i tro\u0161kova dostave informacije (NN 12\/14, 15\/14)<\/a><\/p>\n<p>&nbsp;<\/p>\n<p><a href=\"\/wp-content\/uploads\/2026\/Godisnje_izvjesce_ZPPI_komilok_2025.pdf\" target=\"_blank\" rel=\"noopener\">Godi\u0161nje Izvje\u0161\u0107e o provedbi Zakona o pravu na pristup informacijama za 2025. godinu<\/a> (<a href=\"\/wp-content\/uploads\/2026\/Godisnje_izvjesce_ZPPI_komilok_2025.csv\">Excel .csv datoteka<\/a>)<br \/>\n<a href=\"\/wp-content\/uploads\/2025\/Godisnje_izvjesce_kom-ilok-ZPPI-2024.pdf\" target=\"_blank\" rel=\"noopener\">Godi\u0161nje Izvje\u0161\u0107e o provedbi Zakona o pravu na pristup informacijama za 2024. godinu<\/a> (<a href=\"\/wp-content\/uploads\/2025\/Godisnje_izvjesce_kom_ilok_ZPPI_2024.csv\">Excel .csv datoteka<\/a>)<br \/>\n<a href=\"\/wp-content\/uploads\/2024\/Godisnje_izvjesce_kom_ilok_za2023.pdf\" target=\"_blank\" rel=\"noopener\">Godi\u0161nje Izvje\u0161\u0107e o provedbi Zakona o pravu na pristup informacijama za 2023. godinu<\/a> (<a href=\"\/wp-content\/uploads\/2024\/Godisnje_izvjesce_kom_ilok_za2023.csv\">Excel .csv datoteka<\/a>)<br \/>\n<a href=\"\/wp-content\/uploads\/2023\/Godisnje_izvjesce_komilok_za_2022.pdf\" target=\"_blank\" rel=\"noopener\">Godi\u0161nje Izvje\u0161\u0107e o provedbi Zakona o pravu na pristup informacijama za 2022. godinu<\/a> (<a href=\"\/wp-content\/uploads\/2023\/Godisnje_izvjesce_komilok_za_2022.csv\">Excel .csv datoteka<\/a>)<br \/>\n<a href=\"\/wp-content\/uploads\/2023\/godisnje_izvjesce_ZPPI_za2021.pdf\" target=\"_blank\" rel=\"noopener\">Godi\u0161nje Izvje\u0161\u0107e o provedbi Zakona o pravu na pristup informacijama za 2021. godinu<\/a><br \/>\n<a href=\"\/wp-content\/uploads\/2021\/Godisnje_izvjesce_PPI_kom_ilok.pdf\" target=\"_blank\" rel=\"noopener\">Godi\u0161nje Izvje\u0161\u0107e o provedbi Zakona o pravu na pristup informacijama za 2020. godinu<\/a><br \/>\n<a href=\"http:\/\/kom-ilok.hr\/wp-content\/uploads\/2020\/02\/Godisnje_izvjesce-o-provedbi-Zakona-o-pravu-na-pristup-informacijama-za-2019.god_.-Kom-Ilok-d.o.o.pdf\" target=\"_blank\" rel=\"noopener\">Godi\u0161nje izvje\u0161\u0107e o provedbi Zakona o pravu na pristup informacijama za 2019. godinu<\/a><br \/>\n<a href=\"http:\/\/kom-ilok.hr\/wp-content\/uploads\/2020\/02\/Godisnje_izvjesce-o-provedbi-Zakona-o-pravu-na-pristup-informacijama-za-2018.god_.-Kom-Ilok.pdf\" target=\"_blank\" rel=\"noopener\">Godi\u0161nje izvje\u0161\u0107e o provedbi Zakona o pravu na pristup informacijama za 2018. godinu<\/a><br \/>\n<a href=\"http:\/\/kom-ilok.hr\/wp-content\/uploads\/2018\/dokumenti\/Godisnje_izvjesce_pravo_na_pristup_informacijama_2017.pdf\" target=\"_blank\" rel=\"noopener\">Godi\u0161nje izvje\u0161\u0107e o provedbi Zakona o pravu na pristup informacijama za 2017. godinu<\/a>[\/vc_column_text][\/vc_column][\/vc_row]<\/p>\n","protected":false},"excerpt":{"rendered":"<p>[vc_row][vc_column][vc_column_text]SLU\u017dBENIK ZA INFORMIRANJE Pravo na pristup informacijama i ponovnu uporabu informacija koje posjeduje, raspola\u017ee ili nadzire KOM-ILOK d.o.o. ure\u0111eno je Zakonom o pravu na pristup informacijama (NN 25\/13, 85\/15, 69\/22). Zakonom se propisuju i na\u010dela prava na pristup, izuzeci od prava na pristup, te postupak za ostvarivanje i za\u0161titu prava na pristup informacijama. Cilj zakona&hellip;<\/p>\n","protected":false},"author":1,"featured_media":0,"parent":197,"menu_order":0,"comment_status":"closed","ping_status":"open","template":"","meta":{"footnotes":""},"class_list":["post-206","page","type-page","status-publish","hentry","description-off"],"_links":{"self":[{"href":"https:\/\/kom-ilok.hr\/index.php?rest_route=\/wp\/v2\/pages\/206","targetHints":{"allow":["GET"]}}],"collection":[{"href":"https:\/\/kom-ilok.hr\/index.php?rest_route=\/wp\/v2\/pages"}],"about":[{"href":"https:\/\/kom-ilok.hr\/index.php?rest_route=\/wp\/v2\/types\/page"}],"author":[{"embeddable":true,"href":"https:\/\/kom-ilok.hr\/index.php?rest_route=\/wp\/v2\/users\/1"}],"replies":[{"embeddable":true,"href":"https:\/\/kom-ilok.hr\/index.php?rest_route=%2Fwp%2Fv2%2Fcomments&post=206"}],"version-history":[{"count":23,"href":"https:\/\/kom-ilok.hr\/index.php?rest_route=\/wp\/v2\/pages\/206\/revisions"}],"predecessor-version":[{"id":1327,"href":"https:\/\/kom-ilok.hr\/index.php?rest_route=\/wp\/v2\/pages\/206\/revisions\/1327"}],"up":[{"embeddable":true,"href":"https:\/\/kom-ilok.hr\/index.php?rest_route=\/wp\/v2\/pages\/197"}],"wp:attachment":[{"href":"https:\/\/kom-ilok.hr\/index.php?rest_route=%2Fwp%2Fv2%2Fmedia&parent=206"}],"curies":[{"name":"wp","href":"https:\/\/api.w.org\/{rel}","templated":true}]}}