{"id":204,"date":"2018-01-15T10:17:33","date_gmt":"2018-01-15T09:17:33","guid":{"rendered":"http:\/\/kom-ilok.hr\/?page_id=204"},"modified":"2018-01-15T10:17:33","modified_gmt":"2018-01-15T09:17:33","slug":"godisnja-izvjesca","status":"publish","type":"page","link":"https:\/\/kom-ilok.hr\/?page_id=204","title":{"rendered":"Godi\u0161nja izvje\u0161\u0107a"},"content":{"rendered":"","protected":false},"excerpt":{"rendered":"","protected":false},"author":1,"featured_media":0,"parent":197,"menu_order":0,"comment_status":"closed","ping_status":"open","template":"","meta":{"footnotes":""},"class_list":["post-204","page","type-page","status-publish","hentry","description-off"],"_links":{"self":[{"href":"https:\/\/kom-ilok.hr\/index.php?rest_route=\/wp\/v2\/pages\/204","targetHints":{"allow":["GET"]}}],"collection":[{"href":"https:\/\/kom-ilok.hr\/index.php?rest_route=\/wp\/v2\/pages"}],"about":[{"href":"https:\/\/kom-ilok.hr\/index.php?rest_route=\/wp\/v2\/types\/page"}],"author":[{"embeddable":true,"href":"https:\/\/kom-ilok.hr\/index.php?rest_route=\/wp\/v2\/users\/1"}],"replies":[{"embeddable":true,"href":"https:\/\/kom-ilok.hr\/index.php?rest_route=%2Fwp%2Fv2%2Fcomments&post=204"}],"version-history":[{"count":1,"href":"https:\/\/kom-ilok.hr\/index.php?rest_route=\/wp\/v2\/pages\/204\/revisions"}],"predecessor-version":[{"id":205,"href":"https:\/\/kom-ilok.hr\/index.php?rest_route=\/wp\/v2\/pages\/204\/revisions\/205"}],"up":[{"embeddable":true,"href":"https:\/\/kom-ilok.hr\/index.php?rest_route=\/wp\/v2\/pages\/197"}],"wp:attachment":[{"href":"https:\/\/kom-ilok.hr\/index.php?rest_route=%2Fwp%2Fv2%2Fmedia&parent=204"}],"curies":[{"name":"wp","href":"https:\/\/api.w.org\/{rel}","templated":true}]}}