{"id":202,"date":"2018-01-15T10:05:03","date_gmt":"2018-01-15T09:05:03","guid":{"rendered":"http:\/\/kom-ilok.hr\/?page_id=202"},"modified":"2026-04-01T17:12:26","modified_gmt":"2026-04-01T15:12:26","slug":"cjenici","status":"publish","type":"page","link":"https:\/\/kom-ilok.hr\/?page_id=202","title":{"rendered":"Cjenici"},"content":{"rendered":"<p>[vc_row][vc_column][vc_column_text]- <a href=\"\/wp-content\/uploads\/2026\/Cjenik-grobnice-2026-god.pdf\" target=\"_blank\" rel=\"noopener\">CJENIK IZRADE GROBNICA TVRTKE KOM-ILOK D.O.O. ILOK<\/a> \/ 18.3.2026.<br \/>\n&#8211; <a href=\"\/wp-content\/uploads\/2025\/CJENIK-OTPAD-112026.pdf\" target=\"_blank\" rel=\"noopener\">CJENIK PRU\u017dANJA JAVNE USLUGE SAKUPLJANJA KOMUNALNOG OTPADA NA PODRU\u010cJU GRADA ILOKA S DATUMOM PRIMJENE OD 1.1.2026<\/a>.<br \/>\n&#8211; <a href=\"\/wp-content\/uploads\/2025\/Odluka-o-nacinu-pruzanja-javne-usluge-kom-ilok-22122025.pdf\" target=\"_blank\" rel=\"noopener\">ODLUKA O IZMJENI ODLUKE O NA\u010cINU PRU\u017dANJA JAVNE USLUGE SAKUPLJANJA KOMUNALNOG OTPADA NA PODRU\u010cJU GRADA ILOKA<\/a> \/ 22.12.2025.<br \/>\n&#8211; <a href=\"\/wp-content\/uploads\/2024\/Cjenik-usluga-Kom-Ilok-130224.pdf\" target=\"_blank\" rel=\"noopener\">CJENIK USLUGA TVRTKE KOM-ILOK D.O.O. ILOK<\/a> \/ 12.02.2024.<br \/>\n&#8211; <a href=\"\/wp-content\/uploads\/2024\/CJENIK-NAKNADE-ZA-PRIIHVAT-I-ZBRINJAVANJE-OTPADA-RD-01022024.pdf\" target=\"_blank\" rel=\"noopener\">ODLUKA O CIJENI NAKNADE ZA PRIHVAT I PREUZIMANJE OTPADA U RECIKLA\u017dNOM DVORI\u0160TU OD GOSPODARSKIH SUBJEKATA I ZA OTPAD KOJI NIJE NASTAO NA PODRU\u010cJU GRADA ILOKA<\/a> \/ 20.01.2024.<br \/>\n&#8211; <a href=\"\/wp-content\/uploads\/2024\/Cjenik%20grobnice%20-2024.god..pdf\" target=\"_blank\" rel=\"noopener\">CJENIK IZRADE GROBNICA TVRTKE KOM-ILOK D.O.O. ILOK<\/a> \/ 29.01.2024.<br \/>\n&#8211; <a href=\"\/wp-content\/uploads\/2023\/suglasnost-cijenik_skupljanje_otpada_od01012023.pdf\" target=\"_blank\" rel=\"noopener\">Odluka o davanju suglasnosti na cjenik javne usluge sakupljanja mije\u0161anog komunalnog otpada<\/a> \/15.12.2023.<br \/>\n&#8211; <a href=\"\/wp-content\/uploads\/2023\/cijenik_skupljanje_otpada_od01012023.pdf\" target=\"_blank\" rel=\"noopener\">Cjenik pru\u017eanja javne usluge sakupljanja komunalnog otpada sa primjenom od 01.01.2024.<\/a> \/ 15.12.2023.<br \/>\n&#8211; <a href=\"\/wp-content\/uploads\/2024\/Cjenik-KOM-ILOK-01-03-2023-god-EURO.pdf\" target=\"_blank\" rel=\"noopener\">CJENIK USLUGA TVRTKE KOM-ILOK D.O.O. ILOK<\/a> \/ 01.03.2023.<br \/>\n&#8211; <a href=\"\/wp-content\/uploads\/2023\/taxi_cijenik_17012023_tecaj.pdf\" target=\"_blank\" rel=\"noopener\">ODLUKA O CIJENI PRIJEVOZA TAXI VOZILIMA<\/a> \/ 17.01.2023.<br \/>\n&#8211; <a href=\"\/wp-content\/uploads\/2023\/cjenik_kom_ilok_01012023_euro_pogrebna_oprema.pdf\" target=\"_blank\" rel=\"noopener\">CIJENIK POGREBNE OPREME<\/a> \/ 01.01.2023.<br \/>\n&#8211; <a href=\"\/wp-content\/uploads\/2023\/cijenik_usluga_pogrebne_usluge_kom_ilok_01012023_tecaj.pdf\" target=\"_blank\" rel=\"noopener\">CIJENIK POGREBNIH USLUGA<\/a> \/ 01.01.2023.<br \/>\n&#8211; <a href=\"\/wp-content\/uploads\/2023\/cijenik_usluga_kom_ilok_01012023_tecaj.pdf\" target=\"_blank\" rel=\"noopener\">CJENIK USLUGA UKOPA TVRTKE KOM-ILOK D.O.O.<\/a> \/ 01.01.2023.<br \/>\n&#8211; <a href=\"\/wp-content\/uploads\/2023\/CJENIK_NAKNADE_ZA%20PRIIHVAT_ZBRINJAVANJE_OTPADA_RD_010123.pdf\" target=\"_blank\" rel=\"noopener\">CIJENIK NAKNADE ZA PRIHVAT I PREUZIMANJE OTPADA U RECIKLA\u017dNOM DVORI\u0160TU OD GOSPODARSKIH SUBJEKATA I ZA OTPAD KOJI NIJE NASTAO NA PODRU\u010cJU GRADA ILOKA<\/a> \/ 30.12.2022.<br \/>\n&#8211; <a href=\"\/wp-content\/uploads\/2022\/ODLUKA_CIJENE_RECIKLAZNO_DVORISTE_01122021.pdf\" target=\"_blank\" rel=\"noopener\">ODLUKA O CIJENI NAKNADE ZA PRIHVAT I PREUZIMAJE OTPADA U RECIKLA\u017dNOM DVORI\u0160TU OD GOSPODARSKIH SUBJEKATA I ZA OTPAD KOJI NIJE NASTAO NA PODRU\u010cJU GRADA ILOKA<\/a> \/ 01.12.2021.<br \/>\n&#8211; <a href=\"\/wp-content\/uploads\/2021\/cjenik_17092021.pdf\" target=\"_blank\" rel=\"noopener\">IZVADAK IZ CJENIKA USLUGA TVRTKE KOM-ILOK D.O.O. ILOK<\/a> \/ 17.09.2021.<br \/>\n&#8211; <a href=\"\/wp-content\/uploads\/2020\/CJENIK%20POGREBNE%20OPREME%202021.pdf\" target=\"_blank\" rel=\"noopener\">CIJENIK POGREBNE OPREME<\/a> \/ 20.05.2021.<br \/>\n&#8211; <a href=\"\/wp-content\/uploads\/2021\/Cjenik_ostalih_pogrebnih_usluga_2021.pdf\" target=\"_blank\" rel=\"noopener\">CJENIK OSTALIH POGREBNIH USLUGA<\/a> \/ 17.09.2021.<br \/>\n&#8211; <a href=\"\/wp-content\/uploads\/2021\/CJENIK POGREBNE OPREME -2021.pdf\" target=\"_blank\" rel=\"noopener\">CIJENIK POGREBNE OPREME<\/a> \/ 17.12.2020.<br \/>\n&#8211; <a href=\"http:\/\/kom-ilok.hr\/wp-content\/uploads\/2020\/01\/Cijenik-upravljanja-grobljima-tvrtke-Kom-Ilok-2020.pdf\" target=\"_blank\" rel=\"noopener\">CJENIK USLUGA UPRAVLJANJE GROBLJIMA NA PODRU\u010cJU GRADA ILOKA<\/a>\u00a0\/ 14.01.2020.<br \/>\n&#8211; <a href=\"http:\/\/kom-ilok.hr\/wp-content\/uploads\/2020\/01\/Cijenik-usluga-ukopa-tvrtke-Kom-Ilok-2020.pdf\" target=\"_blank\" rel=\"noopener\">CJENIK USLUGA UKOPA TVRTKE KOM-ILOK D.O.O.<\/a> \/ 14.01.2020.[\/vc_column_text][\/vc_column][\/vc_row]<\/p>\n","protected":false},"excerpt":{"rendered":"<p>[vc_row][vc_column][vc_column_text]- CJENIK IZRADE GROBNICA TVRTKE KOM-ILOK D.O.O. ILOK \/ 18.3.2026. &#8211; CJENIK PRU\u017dANJA JAVNE USLUGE SAKUPLJANJA KOMUNALNOG OTPADA NA PODRU\u010cJU GRADA ILOKA S DATUMOM PRIMJENE OD 1.1.2026. &#8211; ODLUKA O IZMJENI ODLUKE O NA\u010cINU PRU\u017dANJA JAVNE USLUGE SAKUPLJANJA KOMUNALNOG OTPADA NA PODRU\u010cJU GRADA ILOKA \/ 22.12.2025. &#8211; CJENIK USLUGA TVRTKE KOM-ILOK D.O.O. ILOK \/ 12.02.2024.&hellip;<\/p>\n","protected":false},"author":1,"featured_media":0,"parent":197,"menu_order":0,"comment_status":"closed","ping_status":"open","template":"","meta":{"footnotes":""},"class_list":["post-202","page","type-page","status-publish","hentry","description-off"],"_links":{"self":[{"href":"https:\/\/kom-ilok.hr\/index.php?rest_route=\/wp\/v2\/pages\/202","targetHints":{"allow":["GET"]}}],"collection":[{"href":"https:\/\/kom-ilok.hr\/index.php?rest_route=\/wp\/v2\/pages"}],"about":[{"href":"https:\/\/kom-ilok.hr\/index.php?rest_route=\/wp\/v2\/types\/page"}],"author":[{"embeddable":true,"href":"https:\/\/kom-ilok.hr\/index.php?rest_route=\/wp\/v2\/users\/1"}],"replies":[{"embeddable":true,"href":"https:\/\/kom-ilok.hr\/index.php?rest_route=%2Fwp%2Fv2%2Fcomments&post=202"}],"version-history":[{"count":41,"href":"https:\/\/kom-ilok.hr\/index.php?rest_route=\/wp\/v2\/pages\/202\/revisions"}],"predecessor-version":[{"id":1334,"href":"https:\/\/kom-ilok.hr\/index.php?rest_route=\/wp\/v2\/pages\/202\/revisions\/1334"}],"up":[{"embeddable":true,"href":"https:\/\/kom-ilok.hr\/index.php?rest_route=\/wp\/v2\/pages\/197"}],"wp:attachment":[{"href":"https:\/\/kom-ilok.hr\/index.php?rest_route=%2Fwp%2Fv2%2Fmedia&parent=202"}],"curies":[{"name":"wp","href":"https:\/\/api.w.org\/{rel}","templated":true}]}}