{"id":168,"date":"2017-12-11T14:47:01","date_gmt":"2017-12-11T13:47:01","guid":{"rendered":"http:\/\/kom-ilok.hr\/?page_id=168"},"modified":"2024-03-21T10:13:09","modified_gmt":"2024-03-21T09:13:09","slug":"gospodarenje-otpadom","status":"publish","type":"page","link":"https:\/\/kom-ilok.hr\/?page_id=168","title":{"rendered":"Gospodarenje otpadom"},"content":{"rendered":"<p>[vc_row][vc_column][vc_column_text]DOKUMENTI VALJANI OD 15.12.2023.<\/p>\n<p><a href=\"https:\/\/kom-ilok.hr\/wp-content\/uploads\/2023\/suglasnost-cijenik_skupljanje_otpada_od01012023.pdf\" target=\"_blank\" rel=\"noopener\">Odluka o davanju suglasnosti na cjenik javne usluge sakupljanja mije\u0161anog komunalnog otpada<\/a> \/15.12.2023.<\/p>\n<p><a href=\"https:\/\/kom-ilok.hr\/wp-content\/uploads\/2023\/cijenik_skupljanje_otpada_od01012023.pdf\" target=\"_blank\" rel=\"noopener\">Cjenik pru\u017eanja javne usluge sakupljanja komunalnog otpada sa primjenom od 01.01.2024.<\/a> \/ 15.12.2023.<\/p>\n<p>&nbsp;<\/p>\n<hr \/>\n<p>&nbsp;<\/p>\n<p>DOKUMENIT VALJANI OD 01.06.2022.<\/p>\n<p><a href=\"\/wp-content\/uploads\/2022\/cjenikotpad_01062022.pdf\" target=\"_blank\" rel=\"noopener\">Cjenik pru\u017eanja javne usluge sakupljanja komunalnog otpada na podru\u010dju Grada Iloka s datumom primjene od 01.06.2022.<\/a><\/p>\n<p><a href=\"\/wp-content\/uploads\/2022\/odluka_suglasnost_otpad_2022.pdf\" target=\"_blank\" rel=\"noopener\">Odluka o davanju suglasnosti na cjenik javne usluge sakupljanja mije\u0161anog komunalnog otpada<\/a><\/p>\n<p><a href=\"\/wp-content\/uploads\/2022\/odluka-nacin_pruzanja_usluge_2022.pdf\" target=\"_blank\" rel=\"noopener\">Odluka o na\u010dinu pru\u017eanja javne usluge sakupljanja komunalnog otpada na podru\u010dju Grada Iloka<\/a><br \/>\n<span style=\"color: #ffffff;\">&#8211;<\/span><\/p>\n<hr \/>\n<p>&nbsp;<\/p>\n<p>DOKUMENTI VALJANI DO 01.06.2022.<\/p>\n<p><a href=\"\/wp-content\/uploads\/2021\/Odluka_o_izmjenama_i_dopunama_odluke_o_nacinu_pruzanja_javne_usluge_Grad_Ilok.pdf\" target=\"_blank\" rel=\"noopener\">Odluka o izmjenama i dopunama odluke o na\u010dinu pru\u017eanja javne usluge &#8211; Grad Ilok<\/a><\/p>\n<p><a href=\"\/wp-content\/uploads\/2018\/dokumenti\/Odluka_o_nacinu_pruzanja_usluge_komunalni_otpad.pdf\" target=\"_blank\" rel=\"noopener\">Odluka o na\u010dinu pru\u017eanja javne usluge prikupljanja mije\u0161anog i biorazgradivog komunalnog otpada<\/a><\/p>\n<p><a href=\"\/wp-content\/uploads\/2019\/08\/CIJENA-ODVOZA-OTPADA.pdf\" target=\"_blank\" rel=\"noopener\">CJENIK USLUGA SAKUPLJANJA I ODVOZA KOMUNALNOG OTPADA &#8211; I ETAPA<\/a><\/p>\n<p>&nbsp;<\/p>\n<hr \/>\n<p>&nbsp;<\/p>\n<p>DOKUMENTI 2016. GODINA<\/p>\n<p><a href=\"\/wp-content\/uploads\/2017\/Odluka-o-dodjeli-obavljanja-javne-usluge-prikupljanja-MKO-i-biorazgradivog-otpada-na-podrucju-Grada-Iloka-2016.pdf\" target=\"_blank\" rel=\"noopener\">Odluka o dodjeli obavljanja javne usluge prikupljanja MKO i biorazgradivog otpada na podru\u010dju Grada Iloka<\/a> \/ 15.03.2016.[\/vc_column_text][\/vc_column][\/vc_row]<\/p>\n","protected":false},"excerpt":{"rendered":"<p>[vc_row][vc_column][vc_column_text]DOKUMENTI VALJANI OD 15.12.2023. Odluka o davanju suglasnosti na cjenik javne usluge sakupljanja mije\u0161anog komunalnog otpada \/15.12.2023. Cjenik pru\u017eanja javne usluge sakupljanja komunalnog otpada sa primjenom od 01.01.2024. \/ 15.12.2023. &nbsp; &nbsp; DOKUMENIT VALJANI OD 01.06.2022. Cjenik pru\u017eanja javne usluge sakupljanja komunalnog otpada na podru\u010dju Grada Iloka s datumom primjene od 01.06.2022. Odluka o davanju&hellip;<\/p>\n","protected":false},"author":1,"featured_media":0,"parent":33,"menu_order":0,"comment_status":"closed","ping_status":"open","template":"","meta":{"footnotes":""},"class_list":["post-168","page","type-page","status-publish","hentry","description-off"],"_links":{"self":[{"href":"https:\/\/kom-ilok.hr\/index.php?rest_route=\/wp\/v2\/pages\/168","targetHints":{"allow":["GET"]}}],"collection":[{"href":"https:\/\/kom-ilok.hr\/index.php?rest_route=\/wp\/v2\/pages"}],"about":[{"href":"https:\/\/kom-ilok.hr\/index.php?rest_route=\/wp\/v2\/types\/page"}],"author":[{"embeddable":true,"href":"https:\/\/kom-ilok.hr\/index.php?rest_route=\/wp\/v2\/users\/1"}],"replies":[{"embeddable":true,"href":"https:\/\/kom-ilok.hr\/index.php?rest_route=%2Fwp%2Fv2%2Fcomments&post=168"}],"version-history":[{"count":17,"href":"https:\/\/kom-ilok.hr\/index.php?rest_route=\/wp\/v2\/pages\/168\/revisions"}],"predecessor-version":[{"id":1176,"href":"https:\/\/kom-ilok.hr\/index.php?rest_route=\/wp\/v2\/pages\/168\/revisions\/1176"}],"up":[{"embeddable":true,"href":"https:\/\/kom-ilok.hr\/index.php?rest_route=\/wp\/v2\/pages\/33"}],"wp:attachment":[{"href":"https:\/\/kom-ilok.hr\/index.php?rest_route=%2Fwp%2Fv2%2Fmedia&parent=168"}],"curies":[{"name":"wp","href":"https:\/\/api.w.org\/{rel}","templated":true}]}}