{"id":1339,"date":"2026-05-06T13:28:21","date_gmt":"2026-05-06T11:28:21","guid":{"rendered":"https:\/\/kom-ilok.hr\/?page_id=1339"},"modified":"2026-05-06T13:56:16","modified_gmt":"2026-05-06T11:56:16","slug":"javna-nabava-2026","status":"publish","type":"page","link":"https:\/\/kom-ilok.hr\/?page_id=1339","title":{"rendered":"\u00a0Javna nabava 2026"},"content":{"rendered":"<p>[vc_row][vc_column][vc_column_text]<strong>Registar ugovora javne nabave<\/strong><\/p>\n<p>U skladu s \u010dlankom 28. Zakona o javnoj nabavi (\u201eNarodne novine\u201c, broj 120\/16), \u010dlankom 7. Pravilnika o planu nabave, registru ugovora, prethodnom savjetovanju i analizi tr\u017ei\u0161ta u javnoj nabavi (\u201eNarodne novine\u201c, broj 101\/2017 i broj 144\/2020) Registar ugovora o javnoj nabavi i okvirnih sporazuma trgova\u010dkog dru\u0161tva Kom- Ilok d.o.o. Ilok dostupan je u Elektroni\u010dkom oglasniku javne nabave Republike Hrvatske na adresi:\u00a0<a href=\"https:\/\/eojn.nn.hr\/Oglasnik\/\" target=\"_blank\" rel=\"noreferrer noopener\">https:\/\/eojn.nn.hr\/Oglasnik\/<\/a>, odabirom rubrike Registri ugovora.<\/p>\n<p>\u2013<br \/>\n<a href=\"https:\/\/kom-ilok.hr\/wp-content\/uploads\/2024\/Pravilnik-o-provodenju-postupaka-jednostvne-nabave-01012024-god.pdf\" target=\"_blank\" rel=\"noreferrer noopener\">PRAVILNIK O PROVO\u0110ENJU POSTUPKA JEDNOSTAVNE NABAVE<\/a>\u00a0\/ 23.12.2023.<br \/>\n<a href=\"https:\/\/kom-ilok.hr\/wp-content\/uploads\/2024\/Obavijest-o-sukobu-interesa-01112024.docx\">Obavijest o sprje\u010davanju sukoba interesa<\/a>\u00a0\/ 01.11.2024.<\/p>\n<p>&nbsp;<\/p>\n<ul>\n<li><a href=\"\/wp-content\/uploads\/2026\/poziv-za-dostavu-ponude-osigur-im-odg-nez-ao-ak-26-2027.doc\">POZIV ZA DOSTAVU PONUDA U POSTUPKU JEDNOSTAVNE NABAVE<\/a><br \/>\n\u2013 ZA USLUGU OSIGURANJA IMOVINE, ODGOVORNOSTI, NEZGODE, AUTOODGOVORNOSTI I AUTOKASKA ZA POTREBE KOM-ILOKA d.o.o. ILOK<br \/>\nEvidencijski broj jednostavne nabave 25-2026<br \/>\n&#8211; <a href=\"\/wp-content\/uploads\/2026\/kom-ilok-tender-za-osig-ao-ak-2026-2027-f-4-5-2026p.xlsx\">TRO\u0160KOVNIK ZA OSIGURANJE M-P-R VOZILA \/ AO + AK za 2026.-2027.<\/a><br \/>\n&#8211; <a href=\"\/wp-content\/uploads\/2026\/kom-ilok-tender-za-osig-im-odg-nez-2026-2027-f-4-5-26.xlsx\">TRO\u0160KOVNIK ZA OSIGURANJE IMOVINE, JAVNE I PROFESIONALNE ODGOVORNOSTI TE KOLEKT. NEZGODE &#8211; ZA POTREBE OSIGURANJA U 2026.-2027. GODINI<\/a><\/li>\n<\/ul>\n<p>[\/vc_column_text][\/vc_column][\/vc_row]<\/p>\n","protected":false},"excerpt":{"rendered":"<p>[vc_row][vc_column][vc_column_text]Registar ugovora javne nabave U skladu s \u010dlankom 28. Zakona o javnoj nabavi (\u201eNarodne novine\u201c, broj 120\/16), \u010dlankom 7. Pravilnika o planu nabave, registru ugovora, prethodnom savjetovanju i analizi tr\u017ei\u0161ta u javnoj nabavi (\u201eNarodne novine\u201c, broj 101\/2017 i broj 144\/2020) Registar ugovora o javnoj nabavi i okvirnih sporazuma trgova\u010dkog dru\u0161tva Kom- Ilok d.o.o. Ilok dostupan&hellip;<\/p>\n","protected":false},"author":1,"featured_media":0,"parent":29,"menu_order":0,"comment_status":"closed","ping_status":"closed","template":"","meta":{"footnotes":""},"class_list":["post-1339","page","type-page","status-publish","hentry","description-off"],"_links":{"self":[{"href":"https:\/\/kom-ilok.hr\/index.php?rest_route=\/wp\/v2\/pages\/1339","targetHints":{"allow":["GET"]}}],"collection":[{"href":"https:\/\/kom-ilok.hr\/index.php?rest_route=\/wp\/v2\/pages"}],"about":[{"href":"https:\/\/kom-ilok.hr\/index.php?rest_route=\/wp\/v2\/types\/page"}],"author":[{"embeddable":true,"href":"https:\/\/kom-ilok.hr\/index.php?rest_route=\/wp\/v2\/users\/1"}],"replies":[{"embeddable":true,"href":"https:\/\/kom-ilok.hr\/index.php?rest_route=%2Fwp%2Fv2%2Fcomments&post=1339"}],"version-history":[{"count":2,"href":"https:\/\/kom-ilok.hr\/index.php?rest_route=\/wp\/v2\/pages\/1339\/revisions"}],"predecessor-version":[{"id":1343,"href":"https:\/\/kom-ilok.hr\/index.php?rest_route=\/wp\/v2\/pages\/1339\/revisions\/1343"}],"up":[{"embeddable":true,"href":"https:\/\/kom-ilok.hr\/index.php?rest_route=\/wp\/v2\/pages\/29"}],"wp:attachment":[{"href":"https:\/\/kom-ilok.hr\/index.php?rest_route=%2Fwp%2Fv2%2Fmedia&parent=1339"}],"curies":[{"name":"wp","href":"https:\/\/api.w.org\/{rel}","templated":true}]}}