{"id":1253,"date":"2025-02-02T11:25:12","date_gmt":"2025-02-02T10:25:12","guid":{"rendered":"https:\/\/kom-ilok.hr\/?page_id=1253"},"modified":"2025-02-10T09:53:20","modified_gmt":"2025-02-10T08:53:20","slug":"javna-nabava-2025","status":"publish","type":"page","link":"https:\/\/kom-ilok.hr\/?page_id=1253","title":{"rendered":"Javna nabava 2025"},"content":{"rendered":"<p>[vc_row][vc_column][vc_column_text]<\/p>\n<p><strong>Registar ugovora javne nabave<\/strong><\/p>\n\n<p>U skladu s \u010dlankom 28. Zakona o javnoj nabavi (\u201eNarodne novine\u201c, broj 120\/16), \u010dlankom 7. Pravilnika o planu nabave, registru ugovora, prethodnom savjetovanju i analizi tr\u017ei\u0161ta u javnoj nabavi (\u201eNarodne novine\u201c, broj 101\/2017 i broj 144\/2020) Registar ugovora o javnoj nabavi i okvirnih sporazuma trgova\u010dkog dru\u0161tva Kom- Ilok d.o.o. Ilok dostupan je u Elektroni\u010dkom oglasniku javne nabave Republike Hrvatske na adresi:\u00a0<a href=\"https:\/\/eojn.nn.hr\/Oglasnik\/\" target=\"_blank\" rel=\"noreferrer noopener\">https:\/\/eojn.nn.hr\/Oglasnik\/<\/a>, odabirom rubrike Registri ugovora.<\/p>\n\n<p><span style=\"color: #ffffff;\">\u2013<\/span><br \/><a href=\"https:\/\/kom-ilok.hr\/wp-content\/uploads\/2024\/Pravilnik-o-provodenju-postupaka-jednostvne-nabave-01012024-god.pdf\" target=\"_blank\" rel=\"noreferrer noopener\">PRAVILNIK O PROVO\u0110ENJU POSTUPKA JEDNOSTAVNE NABAVE<\/a>\u00a0\/ 23.12.2023.<br \/><a href=\"https:\/\/kom-ilok.hr\/wp-content\/uploads\/2024\/Obavijest-o-sukobu-interesa-01112024.docx\">Obavijest o sprje\u010davanju sukoba interesa<\/a>\u00a0\/ 01.11.2024.<\/p>\n<p>&nbsp;<\/p>\n\n<ul>\n<li><a href=\"\/wp-content\/uploads\/2025\/Poziv-za-dostavu-ponude-45-2025.pdf\" target=\"_blank\" rel=\"noopener\">POZIV ZA DOSTAVU PONUDA U POSTUPKU JEDNOSTAVNE NABAVE<\/a><br \/>RADOVI \u2013 GRA\u0110EVINSKI RADOVI U 2025.GOD.<br \/>Evidencijski broj jednostavne nabave 45-2025<br \/><a href=\"\/wp-content\/uploads\/2025\/Troskovnik-gradevinskih-radova-45-2025.xlsx\" target=\"_blank\" rel=\"noopener\">TRO\u0160KOVNIK<\/a><br \/><span style=\"color: #ffffff;\">&#8211;<\/span><\/li>\n<li><a href=\"\/wp-content\/uploads\/2025\/POZIV-DOSTAVA-PONUDE-28-2025.pdf\" target=\"_blank\" rel=\"noopener\">POZIV ZA DOSTAVU PONUDA U POSTUPKU JEDNOSTAVNE NABAVE \u2013 USLUGE<\/a><br \/>OSIGURANJE IMOVINE, ODGOVORNOSTI I OSOBA ZA POTREBE KOM-ILOKA d.o.o. ILOK<br \/>Evidencijski broj jednostavne nabave 28-2025<br \/><a href=\"\/wp-content\/uploads\/2025\/Kom-Ilok_Tender-za-osig-IM%2BODG%2BNEZ_Kvotacija-2025-2026.xlsx\">TRO\u0160KOVNIK<\/a><br \/><span style=\"color: #ffffff;\">&#8211;<\/span><\/li>\n<\/ul>\n<p>[\/vc_column_text][\/vc_column][\/vc_row]<\/p>\n","protected":false},"excerpt":{"rendered":"<p>[vc_row][vc_column][vc_column_text] Registar ugovora javne nabave U skladu s \u010dlankom 28. Zakona o javnoj nabavi (\u201eNarodne novine\u201c, broj 120\/16), \u010dlankom 7. Pravilnika o planu nabave, registru ugovora, prethodnom savjetovanju i analizi tr\u017ei\u0161ta u javnoj nabavi (\u201eNarodne novine\u201c, broj 101\/2017 i broj 144\/2020) Registar ugovora o javnoj nabavi i okvirnih sporazuma trgova\u010dkog dru\u0161tva Kom- Ilok d.o.o. Ilok&hellip;<\/p>\n","protected":false},"author":1,"featured_media":0,"parent":29,"menu_order":0,"comment_status":"closed","ping_status":"closed","template":"","meta":{"footnotes":""},"class_list":["post-1253","page","type-page","status-publish","hentry","description-off"],"_links":{"self":[{"href":"https:\/\/kom-ilok.hr\/index.php?rest_route=\/wp\/v2\/pages\/1253","targetHints":{"allow":["GET"]}}],"collection":[{"href":"https:\/\/kom-ilok.hr\/index.php?rest_route=\/wp\/v2\/pages"}],"about":[{"href":"https:\/\/kom-ilok.hr\/index.php?rest_route=\/wp\/v2\/types\/page"}],"author":[{"embeddable":true,"href":"https:\/\/kom-ilok.hr\/index.php?rest_route=\/wp\/v2\/users\/1"}],"replies":[{"embeddable":true,"href":"https:\/\/kom-ilok.hr\/index.php?rest_route=%2Fwp%2Fv2%2Fcomments&post=1253"}],"version-history":[{"count":5,"href":"https:\/\/kom-ilok.hr\/index.php?rest_route=\/wp\/v2\/pages\/1253\/revisions"}],"predecessor-version":[{"id":1260,"href":"https:\/\/kom-ilok.hr\/index.php?rest_route=\/wp\/v2\/pages\/1253\/revisions\/1260"}],"up":[{"embeddable":true,"href":"https:\/\/kom-ilok.hr\/index.php?rest_route=\/wp\/v2\/pages\/29"}],"wp:attachment":[{"href":"https:\/\/kom-ilok.hr\/index.php?rest_route=%2Fwp%2Fv2%2Fmedia&parent=1253"}],"curies":[{"name":"wp","href":"https:\/\/api.w.org\/{rel}","templated":true}]}}