{"id":1202,"date":"2024-06-18T18:37:55","date_gmt":"2024-06-18T16:37:55","guid":{"rendered":"https:\/\/kom-ilok.hr\/?page_id=1202"},"modified":"2024-06-23T14:56:33","modified_gmt":"2024-06-23T12:56:33","slug":"godisnja-izvjesca-2023","status":"publish","type":"page","link":"https:\/\/kom-ilok.hr\/?page_id=1202","title":{"rendered":"Godi\u0161nja izvje\u0161\u0107a 2023."},"content":{"rendered":"<p>[vc_row][vc_column][vc_column_text]<\/p>\n<p><a href=\"\/wp-content\/uploads\/2024\/Bilanca-na-dan31122023.pdf\" target=\"_blank\" rel=\"noreferrer noopener\" data-type=\"URL\" data-id=\"\/wp-content\/uploads\/2024\/Bilanca-na-dan31122023.pdf\">BILANCA, stanje na dan 31.12.2023. godine<\/a><br \/><a href=\"\/wp-content\/uploads\/2024\/biljeske-uz-gfi-31122023.pdf\" target=\"_blank\" rel=\"noreferrer noopener\" data-type=\"URL\" data-id=\"\/wp-content\/uploads\/2024\/biljeske-uz-gfi-31122023.pdf\">Bilje\u0161ke uz financijske izvje\u0161taje na dan 31.12.2023. godine<\/a><br \/><a href=\"\/wp-content\/uploads\/2024\/godisnje-izvjesce31122023.pdf\" target=\"_blank\" rel=\"noreferrer noopener\" data-type=\"URL\" data-id=\"\/wp-content\/uploads\/2024\/godisnje-izvjesce31122023.pdf\">Godi\u0161nje izvje\u0161\u0107e i izvje\u0161\u0107e poslovodstva o stanju Kom-Ilok d.o.o. Ilok za 2023. godinu<\/a><br \/><a href=\"\/wp-content\/uploads\/2024\/plan-poslovanja-za-2023.pdf\" target=\"_blank\" rel=\"noreferrer noopener\" data-type=\"URL\" data-id=\"\/wp-content\/uploads\/2024\/plan-poslovanja-za-2023.pdf\">Godi\u0161nji Plan poslovanja za 2023. godinu<\/a><br \/><a href=\"\/wp-content\/uploads\/2024\/racun-dobiti-gubitka-31122023.pdf\" target=\"_blank\" rel=\"noreferrer noopener\" data-type=\"URL\" data-id=\"\/wp-content\/uploads\/2024\/racun-dobiti-gubitka-31122023.pdf\">RA\u010cUN DOBITI I GUBITKA za razdoblje 01.01.2023. do 31.12.2023.<\/a><\/p>\n<p>[\/vc_column_text][\/vc_column][\/vc_row]<\/p>\n","protected":false},"excerpt":{"rendered":"<p>[vc_row][vc_column][vc_column_text] BILANCA, stanje na dan 31.12.2023. godineBilje\u0161ke uz financijske izvje\u0161taje na dan 31.12.2023. godineGodi\u0161nje izvje\u0161\u0107e i izvje\u0161\u0107e poslovodstva o stanju Kom-Ilok d.o.o. Ilok za 2023. godinuGodi\u0161nji Plan poslovanja za 2023. godinuRA\u010cUN DOBITI I GUBITKA za razdoblje 01.01.2023. do 31.12.2023. [\/vc_column_text][\/vc_column][\/vc_row]<\/p>\n","protected":false},"author":1,"featured_media":0,"parent":204,"menu_order":0,"comment_status":"closed","ping_status":"closed","template":"","meta":{"footnotes":""},"class_list":["post-1202","page","type-page","status-publish","hentry","description-off"],"_links":{"self":[{"href":"https:\/\/kom-ilok.hr\/index.php?rest_route=\/wp\/v2\/pages\/1202","targetHints":{"allow":["GET"]}}],"collection":[{"href":"https:\/\/kom-ilok.hr\/index.php?rest_route=\/wp\/v2\/pages"}],"about":[{"href":"https:\/\/kom-ilok.hr\/index.php?rest_route=\/wp\/v2\/types\/page"}],"author":[{"embeddable":true,"href":"https:\/\/kom-ilok.hr\/index.php?rest_route=\/wp\/v2\/users\/1"}],"replies":[{"embeddable":true,"href":"https:\/\/kom-ilok.hr\/index.php?rest_route=%2Fwp%2Fv2%2Fcomments&post=1202"}],"version-history":[{"count":2,"href":"https:\/\/kom-ilok.hr\/index.php?rest_route=\/wp\/v2\/pages\/1202\/revisions"}],"predecessor-version":[{"id":1206,"href":"https:\/\/kom-ilok.hr\/index.php?rest_route=\/wp\/v2\/pages\/1202\/revisions\/1206"}],"up":[{"embeddable":true,"href":"https:\/\/kom-ilok.hr\/index.php?rest_route=\/wp\/v2\/pages\/204"}],"wp:attachment":[{"href":"https:\/\/kom-ilok.hr\/index.php?rest_route=%2Fwp%2Fv2%2Fmedia&parent=1202"}],"curies":[{"name":"wp","href":"https:\/\/api.w.org\/{rel}","templated":true}]}}