{"id":1156,"date":"2024-01-04T12:08:31","date_gmt":"2024-01-04T11:08:31","guid":{"rendered":"https:\/\/kom-ilok.hr\/?page_id=1156"},"modified":"2024-12-04T17:37:44","modified_gmt":"2024-12-04T16:37:44","slug":"javna-nabava-2024","status":"publish","type":"page","link":"https:\/\/kom-ilok.hr\/?page_id=1156","title":{"rendered":"Javna nabava 2024"},"content":{"rendered":"<p>[vc_row][vc_column][vc_column_text]<\/p>\n<div class=\"vc_row wpb_row vc_row-fluid\">\n<div class=\"wpb_column vc_column_container vc_col-sm-12\">\n<div class=\"vc_column-inner\">\n<div class=\"wpb_wrapper\">\n<div class=\"wpb_text_column wpb_content_element \">\n<div class=\"wpb_wrapper\">\n<p><strong>Registar ugovora javne nabave<\/strong><\/p>\n<p>U skladu s \u010dlankom 28. Zakona o javnoj nabavi (\u201eNarodne novine\u201c, broj 120\/16), \u010dlankom 7. Pravilnika o planu nabave, registru ugovora, prethodnom savjetovanju i analizi tr\u017ei\u0161ta u javnoj nabavi (\u201eNarodne novine\u201c, broj 101\/2017 i broj 144\/2020) Registar ugovora o javnoj nabavi i okvirnih sporazuma trgova\u010dkog dru\u0161tva Kom- Ilok d.o.o. Ilok dostupan je u Elektroni\u010dkom oglasniku javne nabave Republike Hrvatske na adresi:\u00a0<a href=\"https:\/\/eojn.nn.hr\/Oglasnik\/\" target=\"_blank\" rel=\"noopener\">https:\/\/eojn.nn.hr\/Oglasnik\/<\/a>, odabirom rubrike Registri ugovora.<\/p>\n<p><span style=\"color: #ffffff;\">&#8211;<\/span><br \/>\n<a href=\"\/wp-content\/uploads\/2024\/Pravilnik-o-provodenju-postupaka-jednostvne-nabave-01012024-god.pdf\" target=\"_blank\" rel=\"noopener\">PRAVILNIK O PROVO\u0110ENJU POSTUPKA JEDNOSTAVNE NABAVE<\/a> \/ 23.12.2023.<br \/>\n<a href=\"\/wp-content\/uploads\/2024\/Obavijest-o-sukobu-interesa-01112024.docx\">Obavijest o sprje\u010davanju sukoba interesa<\/a> \/ 01.11.2024.<\/p>\n<p>&nbsp;<\/p>\n<\/div>\n<\/div>\n<\/div>\n<\/div>\n<\/div>\n<\/div>\n<div class=\"vc_row wpb_row vc_row-fluid\">\n<div class=\"wpb_column vc_column_container vc_col-sm-12\">\n<div class=\"vc_column-inner\">\n<div class=\"wpb_wrapper\">\n<div class=\"wpb_text_column wpb_content_element \">\n<div class=\"wpb_wrapper\">\n<ul>\n<li><a href=\"\/wp-content\/uploads\/2024\/natjecaj-prodaja-vozilo-oprema-03122024.pdf\" target=\"_blank\" rel=\"noopener\">NATJE\u010cAJ ZA PRODAJU RABLJENOG VOZILA I OPREME<\/a> \/ 03.12.2024.<br \/>\n<span style=\"color: #ffffff;\">&#8211;<\/span><\/li>\n<li><a href=\"\/wp-content\/uploads\/2024\/Poziv-za-dostavu-ponude-56-2024.pdf\" target=\"_blank\" rel=\"noopener\">POZIV ZA DOSTAVU PONUDA U POSTUPKU JEDNOSTAVNE NABAVE<\/a><br \/>\nRADOVI \u2013 RADOVI NA POVR\u0160INSKOM SLOJU CESTE U 2024.GOD.<br \/>\nEvidencijski broj jednostavne nabave 56-2024<br \/>\n<a href=\"\/wp-content\/uploads\/2024\/Troskovnik-za-radove-na-povrsinskom-sloju-56-2024.xlsx\">TRO\u0160KOVNIK<\/a><br \/>\n<a href=\"\/wp-content\/uploads\/2024\/Odluka-o-odabiru-56-2024.pdf\" target=\"_blank\" rel=\"noopener\">ODLUKA O ODABIRU NAJPOVOLJNIJE PONUDE<\/a> \/ 25.11.2024.<br \/>\n<span style=\"color: #ffffff;\">&#8211;<\/span><\/li>\n<li><a href=\"\/wp-content\/uploads\/2024\/Poziv-za-dostavu-ponude-55-2024.pdf\" target=\"_blank\" rel=\"noopener\">POZIV ZA DOSTAVU PONUDA U POSTUPKU JEDNOSTAVNE NABAVE<\/a><br \/>\nRADOVI \u2013 RADOVI NA POSTAVLJANJU BETONSKE GALANTERIJE U 2024.GOD.<br \/>\nEvidencijski broj jednostavne nabave 55-2024<br \/>\n<a href=\"\/wp-content\/uploads\/2024\/Troskovnik-radovi-postavljanja-betonske-galanterije-55-2024.xlsx\">TRO\u0160KOVNIK<\/a><br \/>\n<a href=\"\/wp-content\/uploads\/2024\/Odluka-o-odabiru-55-2024.pdf\" target=\"_blank\" rel=\"noopener\">ODLUKA O ODABIRU NAJPOVOLJNIJE PONUDE<\/a> \/ 27.11.2024.<br \/>\n<span style=\"color: #ffffff;\">&#8211;<\/span><\/li>\n<li><a href=\"\/wp-content\/uploads\/2024\/Poziv-za-dostavu-ponude-linijska-odvodnja-54-2024.pdf\" target=\"_blank\" rel=\"noopener\">POZIV ZA DOSTAVU PONUDA U POSTUPKU JEDNOSTAVNE NABAVE ROBE<\/a><br \/>\nLINIJSKA ODVODNJA<br \/>\nEvidencijski broj jednostavne nabave 54-2024<br \/>\n<a href=\"\/wp-content\/uploads\/2024\/Odluka-o-odabiru-54-2024.pdf\" target=\"_blank\" rel=\"noopener\">ODLUKA O ODABIRU NAJPOVOLJNIJE PONUDE<\/a> \/ 25.11.2024.<br \/>\n<span style=\"color: #ffffff;\">&#8211;<\/span><\/li>\n<li><a href=\"\/wp-content\/uploads\/2024\/Poziv-za-dostavu-ponude-vibro-53-2024.pdf\" target=\"_blank\" rel=\"noopener\">POZIV ZA DOSTAVU PONUDA U POSTUPKU JEDNOSTAVNE NABAVE<\/a><br \/>\nSTROJA ZA NABIJANJE &#8211; VIBRO PLO\u010cA<br \/>\nEvidencijski broj jednostavne nabave 53-2024 \/ rujan, 2024.<br \/>\n<a href=\"\/wp-content\/uploads\/2024\/Odluka%20o%20odabiru%2053-2024.pdf\" target=\"_blank\" rel=\"noopener\">ODLUKA O ODABIRU NAJPOVOLJNIJE PONUDE<\/a> \/ 14.10.2024.<br \/>\n<span style=\"color: #ffffff;\">&#8211;<\/span><\/li>\n<li><a href=\"\/wp-content\/uploads\/2024\/Javni-poziv-za-prodaju-osnovnog-sredstva-kamion.pdf\" target=\"_blank\" rel=\"noopener\">ODLUKA o prodaji rabljenog vozila putem prikupljanja ponuda \u2013 JAVNI POZIV<\/a><br \/>\n<span style=\"color: #ffffff;\">&#8211;<\/span><\/li>\n<li><a href=\"\/wp-content\/uploads\/2024\/Poziv-za-dostavu-ponude-52-2024.pdf\" target=\"_blank\" rel=\"noopener\">POZIV ZA DOSTAVU PONUDA U POSTUPKU JEDNOSTAVNE NABAVE<\/a><br \/>\nRADOVI \u2013 ISKOPAVANJE I ZATRPAVANJE (pripremni i zemljani radovi) U 2024.GOD.<br \/>\nEvidencijski broj jednostavne nabave 52-2024 \/ lipanj, 2024.<br \/>\n<a href=\"\/wp-content\/uploads\/2024\/Troskovnik-52-2024.xlsx\">TRO\u0160KOVNIK<\/a><br \/>\n<a href=\"\/wp-content\/uploads\/2024\/Odluka-o-odabirU-52-2024.pdf\" target=\"_blank\" rel=\"noopener\">ODLUKA O ODABIRU NAJPOVOLJNIJE PONUDE<\/a> \/ 03.09.2024.<br \/>\n<span style=\"color: #ffffff;\">&#8211;<\/span><\/li>\n<li><a href=\"\/wp-content\/uploads\/2024\/poziv-dostava-ponude-pogrembna-oprema-302024.pdf\" target=\"_blank\" rel=\"noopener\">POZIV ZA DOSTAVU PONUDA U POSTUPKU JEDNOSTAVNE NABAVE<\/a><br \/>\nPOGREBNA OPREMA ZA POTREBE KOM-ILOKA d.o.o. ILOK U 2024.GOD.<br \/>\nEvidencijski broj jednostavne nabave 30-2024 \/ lipanj, 2024.<br \/>\n<a href=\"\/wp-content\/uploads\/2024\/troskovnik-pogrembna-oprema-302024.xls\">TRO\u0160KOVNIK NABAVE POGREBNE OPREME U 2024.GOD.<\/a><br \/>\n<a href=\"\/wp-content\/uploads\/2024\/Odluka-o-odabiru-30-2024.pdf\" target=\"_blank\" rel=\"noopener\">ODLUKA O ODABIRU NAJPOLJOVNIJE PONUDE<\/a> \/ 24.07.2024.<br \/>\n<span style=\"color: #ffffff;\">&#8211;<\/span><\/li>\n<li><a href=\"\/wp-content\/uploads\/2024\/poziv-dostava-ponude-46-2024-groblja.pdf\" target=\"_blank\" rel=\"noopener\">POZIV ZA DOSTAVU PONUDA U POSTUPKU JEDNOSTAVNE NABAVE<\/a><br \/>\nRADOVI \u2013 GRA\u0110EVINSKI RADOVI NA GROBLJU U 2024.GOD.<br \/>\nEvidencijski broj jednostavne nabave 46-2024 \/ lipanj, 2024.<br \/>\n<a href=\"\/wp-content\/uploads\/2024\/troskovnik--46-2024-groblja.xlsx\">TRO\u0160KOVNIK IZVO\u0110ENJA GRA\u0110EVINSKIH RADOVA NA GROBLJU<\/a><br \/>\n<a href=\"\/wp-content\/uploads\/2024\/Odluka-o-odabiru-46-2024.pdf\" target=\"_blank\" rel=\"noopener\">ODLUKA O ODABIRU NAJPOVOLJNIJE PONUDE<\/a> \/ 23.06.2024.<br \/>\n<span style=\"color: #ffffff;\">&#8211;<\/span><\/li>\n<li><a href=\"\/wp-content\/uploads\/2024\/poziv-dostava-ponude-beton-cement-50-2024.pdf\" target=\"_blank\" rel=\"noopener\">POZIV ZA DOSTAVU PONUDA\u00a0U POSTUPKU JEDNOSTAVNE NABAVE<\/a> &#8211; ponovljeni postupak<br \/>\nBETON I CEMENTNA STABILIZACIJA U 2024. GOD.<br \/>\nEvidencijski broj jednostavne nabave 50-2024 \/ o\u017eujak, 2024.<br \/>\n<a href=\"\/wp-content\/uploads\/2024\/odluka-odabir-jn-50-2024.pdf\" target=\"_blank\" rel=\"noopener\">OBAVIJEST O ODABIRU NAJPOVOLJNIJE PONUDE<\/a> \/ 24.05.2024.<br \/>\n<span style=\"color: #ffffff;\">&#8211;<\/span><\/li>\n<li><a href=\"\/wp-content\/uploads\/2024\/Poziv-za-dostavu-ponude-54-2024-Reciklazno-dvoriste.pdf\" target=\"_blank\" rel=\"noopener\">POZIV ZA DOSTAVU PONUDA U POSTUPKU JEDNOSTAVNE NABAVE<\/a><br \/>\nZBRINJAVANJE OTPADA SA RECIKLA\u017dNOG DVORI\u0160TA U ILOKU<br \/>\nEvidencijski broj jednostavne nabave 54-2024 \/ o\u017eujak, 2024.<br \/>\n<a href=\"\/wp-content\/uploads\/2024\/odluka-ponistenje-54-2024.pdf\" target=\"_blank\" rel=\"noopener\">ODLUKA O PONI\u0160TENJU POSTUPKA NABAVE<\/a> \/ 05.04.2024.<br \/>\n<span style=\"color: #ffffff;\">&#8211;<\/span><\/li>\n<li><a href=\"\/wp-content\/uploads\/2024\/Poziv-za-dostavu-ponude-beton-i-cementna-stabilizacija-50-2024.pdf\" target=\"_blank\" rel=\"noopener\">POZIV ZA DOSTAVU PONUDA U POSTUPKU JEDNOSTAVNE NABAVE<\/a><br \/>\nBETON I CEMENTNE STABILIZACIJE U 2024.GOD.<br \/>\nEvidencijski broj jednostavne nabave 50-2024 \/ o\u017eujak, 2024.<br \/>\n<a href=\"\/wp-content\/uploads\/2024\/odluka-ponistenje-50-2024.pdf\" target=\"_blank\" rel=\"noopener\">ODLUKA O PONI\u0160TENJU POSTUPKA NABAVE<\/a> \/ 05.04.2024.<br \/>\n<span style=\"color: #ffffff;\">&#8211;<\/span><\/li>\n<li><a href=\"\/wp-content\/uploads\/2024\/Poziv-za-dostavu-ponude-5-2024.pdf\" target=\"_blank\" rel=\"noopener\">POZIV ZA DOSTAVU PONUDA U POSTUPKU JEDNOSTAVNE NABAVE<\/a><br \/>\n\u0160LJUNAK, PIJESAK I KAMEN U 2024.GOD.<br \/>\nEvidencijski broj jednostavne nabave 5-2024 \/ o\u017eujak, 2024.<br \/>\n<a href=\"\/wp-content\/uploads\/2024\/Odluka-o-odabiru-najpovoljnije-ponude-5-2024.pdf\" target=\"_blank\" rel=\"noopener\">OBAVIJEST O ODABIRU NAJPOVOLJNIJE PONUDE<\/a> \/ 21.03.2024.<br \/>\n<span style=\"color: #ffffff;\">&#8211;<\/span><\/li>\n<li><a href=\"\/wp-content\/uploads\/2024\/poziv-za-dostavu-ponuda-06-2024.pdf\" target=\"_blank\" rel=\"noopener\">POZIV ZA DOSTAVU PONUDA U POSTUPKU JEDNOSTAVNE NABAVE<\/a><br \/>\nMATERIJAL ZA IZGRADNJU-ASFALT 2024.GOD.<br \/>\nEvidencijski broj jednostavne nabave 6-2024 \/ o\u017eujak, 2024.<br \/>\n<a href=\"\/wp-content\/uploads\/2024\/Odluka-o-odabiru-najpovoljnije-ponude-6-2024.pdf\" target=\"_blank\" rel=\"noopener\">OBAVIJEST O ODABIRU NAJPOVOLJNIJE PONUDE<\/a> \/ 21.03.2024.<br \/>\n<span style=\"color: #ffffff;\">&#8211;<\/span><\/li>\n<li><a href=\"\/wp-content\/uploads\/2024\/poziv-za-dostavu-ponuda-23-2024.pdf\" target=\"_blank\" rel=\"noopener\">POZIV ZA DOSTAVU PONUDA<\/a><br \/>\nUSLUGA POPRAVKA VOZILA I RADNIH STROJEVA U VLASNI\u0160TVU KOM-ILOKA D.O.O.<br \/>\nEvidencijski broj jednostavne nabave 23-2024 \/ o\u017eujak, 2024.<br \/>\n<a href=\"\/wp-content\/uploads\/2024\/odluka-ponistenje-23-2024.pdf\" target=\"_blank\" rel=\"noopener\">ODLUKA O PONI\u0160TENJU POSTUPKA NABAVE<\/a> \/ 05.04.2024.<br \/>\n<span style=\"color: #ffffff;\">&#8211;<\/span><\/li>\n<li><a href=\"\/wp-content\/uploads\/2024\/Poziv-za-dostavu-ponude-8-2024.pdf\" target=\"_blank\" rel=\"noopener\">POZIV ZA DOSTAVU PONUDA U POSTUPKU JEDNOSTAVNE NABAVE<\/a><br \/>\nPROIZVODI OD BETONA U 2024.GOD.<br \/>\nEvidencijski broj jednostavne nabave 8-2024 \/ o\u017eujak, 2024.<br \/>\n<a href=\"\/wp-content\/uploads\/2024\/Odluka-o-odabiru-najpovoljnije-ponude-8-2024.pdf\" target=\"_blank\" rel=\"noopener\">OBAVIJEST O ODABIRU NAJPOVOLJNIJE PONUDE<\/a> \/ 21.03.2024.<br \/>\n<span style=\"color: #ffffff;\">&#8211;<\/span><\/li>\n<li><a href=\"\/wp-content\/uploads\/2024\/Poziv-za-dostavu-ponude-45-2024.pdf\" target=\"_blank\" rel=\"noopener\">POZIV ZA DOSTAVU PONUDA U POSTUPKU JEDNOSTAVNE NABAVE<\/a><br \/>\nRADOVI \u2013 GRA\u0110EVINSKI RADOVI U 2024.GOD.<br \/>\nEvidencijski broj jednostavne nabave 45-2024 \/ sije\u010danj, 2024.<br \/>\n<a href=\"\/wp-content\/uploads\/2024\/Obavijest-o-odabiru-45-2024.pdf\" target=\"_blank\" rel=\"noopener\">OBAVIJEST O ODABIRU NAJPOVOLJNIJE PONUDE<\/a> \/ 09.01.2024.<\/li>\n<\/ul>\n<\/div>\n<\/div>\n<\/div>\n<\/div>\n<\/div>\n<\/div>\n<p>[\/vc_column_text][\/vc_column][\/vc_row]<\/p>\n","protected":false},"excerpt":{"rendered":"<p>[vc_row][vc_column][vc_column_text] Registar ugovora javne nabave U skladu s \u010dlankom 28. Zakona o javnoj nabavi (\u201eNarodne novine\u201c, broj 120\/16), \u010dlankom 7. Pravilnika o planu nabave, registru ugovora, prethodnom savjetovanju i analizi tr\u017ei\u0161ta u javnoj nabavi (\u201eNarodne novine\u201c, broj 101\/2017 i broj 144\/2020) Registar ugovora o javnoj nabavi i okvirnih sporazuma trgova\u010dkog dru\u0161tva Kom- Ilok d.o.o. Ilok&hellip;<\/p>\n","protected":false},"author":1,"featured_media":0,"parent":29,"menu_order":0,"comment_status":"closed","ping_status":"closed","template":"","meta":{"footnotes":""},"class_list":["post-1156","page","type-page","status-publish","hentry","description-off"],"_links":{"self":[{"href":"https:\/\/kom-ilok.hr\/index.php?rest_route=\/wp\/v2\/pages\/1156","targetHints":{"allow":["GET"]}}],"collection":[{"href":"https:\/\/kom-ilok.hr\/index.php?rest_route=\/wp\/v2\/pages"}],"about":[{"href":"https:\/\/kom-ilok.hr\/index.php?rest_route=\/wp\/v2\/types\/page"}],"author":[{"embeddable":true,"href":"https:\/\/kom-ilok.hr\/index.php?rest_route=\/wp\/v2\/users\/1"}],"replies":[{"embeddable":true,"href":"https:\/\/kom-ilok.hr\/index.php?rest_route=%2Fwp%2Fv2%2Fcomments&post=1156"}],"version-history":[{"count":34,"href":"https:\/\/kom-ilok.hr\/index.php?rest_route=\/wp\/v2\/pages\/1156\/revisions"}],"predecessor-version":[{"id":1242,"href":"https:\/\/kom-ilok.hr\/index.php?rest_route=\/wp\/v2\/pages\/1156\/revisions\/1242"}],"up":[{"embeddable":true,"href":"https:\/\/kom-ilok.hr\/index.php?rest_route=\/wp\/v2\/pages\/29"}],"wp:attachment":[{"href":"https:\/\/kom-ilok.hr\/index.php?rest_route=%2Fwp%2Fv2%2Fmedia&parent=1156"}],"curies":[{"name":"wp","href":"https:\/\/api.w.org\/{rel}","templated":true}]}}