{"id":1061,"date":"2023-02-08T11:40:20","date_gmt":"2023-02-08T10:40:20","guid":{"rendered":"https:\/\/kom-ilok.hr\/?page_id=1061"},"modified":"2025-07-21T20:56:08","modified_gmt":"2025-07-21T18:56:08","slug":"godisnja-izvjesca-2022","status":"publish","type":"page","link":"https:\/\/kom-ilok.hr\/?page_id=1061","title":{"rendered":"Godi\u0161nja izvje\u0161\u0107a 2022."},"content":{"rendered":"<p>[vc_row][vc_column][vc_column_text]<\/p>\n<p><a href=\"\/wp-content\/uploads\/2023\/donacije_sponzorstvo_2022_komilok.pdf\" target=\"_blank\" rel=\"noreferrer noopener\">PRIMATELJI DONACIJA I SPONZORSTVA U 2022. GODINI<\/a><br \/><a href=\"\/wp-content\/uploads\/2024\/PLAN-POSLOVANJA-ZA-2022.pdf\" target=\"_blank\" rel=\"noopener\">GODI\u0160NJI PLAN POSLOVANJA ZA 2022. GODINU<\/a><br \/><a href=\"\/wp-content\/uploads\/2024\/BILANCA-KOMILOK31122022.pdf\" target=\"_blank\" rel=\"noopener\">BILANCA &#8211; STANJE NA DAN 31.12.2022.<\/a><br \/><a href=\"\/wp-content\/uploads\/2024\/RACUN-DOBITI-GUBITKA-2022.pdf\" target=\"_blank\" rel=\"noopener\">RA\u010cUN DOBITI I GUBITKA za razdoblje 01.01.2022. do 31.12.2022.<\/a><br \/><a href=\"\/wp-content\/uploads\/2024\/BILJESKE-UZ-GFIZA2022.pdf\" target=\"_blank\" rel=\"noopener\">Bilje\u0161ke uz financijske izvje\u0161taje na dan 31.12.2022. godine<\/a><br \/><a href=\"\/wp-content\/uploads\/2024\/IZVJESCE-O-POSLOVANJU-ZA-2022.pdf\" target=\"_blank\" rel=\"noopener\">GODI\u0160NJE IZVJE\u0160\u0106E I IZVJE\u0160\u0106E POSLOVODSTVA O STANJU KOM-ILOK D.O.O. ILOK ZA 2022.GODINU<\/a><\/p>\n<p>[\/vc_column_text][\/vc_column][\/vc_row]<\/p>\n","protected":false},"excerpt":{"rendered":"<p>[vc_row][vc_column][vc_column_text] PRIMATELJI DONACIJA I SPONZORSTVA U 2022. GODINIGODI\u0160NJI PLAN POSLOVANJA ZA 2022. GODINUBILANCA &#8211; STANJE NA DAN 31.12.2022.RA\u010cUN DOBITI I GUBITKA za razdoblje 01.01.2022. do 31.12.2022.Bilje\u0161ke uz financijske izvje\u0161taje na dan 31.12.2022. godineGODI\u0160NJE IZVJE\u0160\u0106E I IZVJE\u0160\u0106E POSLOVODSTVA O STANJU KOM-ILOK D.O.O. ILOK ZA 2022.GODINU [\/vc_column_text][\/vc_column][\/vc_row]<\/p>\n","protected":false},"author":1,"featured_media":0,"parent":204,"menu_order":0,"comment_status":"closed","ping_status":"closed","template":"","meta":{"footnotes":""},"class_list":["post-1061","page","type-page","status-publish","hentry","description-off"],"_links":{"self":[{"href":"https:\/\/kom-ilok.hr\/index.php?rest_route=\/wp\/v2\/pages\/1061","targetHints":{"allow":["GET"]}}],"collection":[{"href":"https:\/\/kom-ilok.hr\/index.php?rest_route=\/wp\/v2\/pages"}],"about":[{"href":"https:\/\/kom-ilok.hr\/index.php?rest_route=\/wp\/v2\/types\/page"}],"author":[{"embeddable":true,"href":"https:\/\/kom-ilok.hr\/index.php?rest_route=\/wp\/v2\/users\/1"}],"replies":[{"embeddable":true,"href":"https:\/\/kom-ilok.hr\/index.php?rest_route=%2Fwp%2Fv2%2Fcomments&post=1061"}],"version-history":[{"count":3,"href":"https:\/\/kom-ilok.hr\/index.php?rest_route=\/wp\/v2\/pages\/1061\/revisions"}],"predecessor-version":[{"id":1296,"href":"https:\/\/kom-ilok.hr\/index.php?rest_route=\/wp\/v2\/pages\/1061\/revisions\/1296"}],"up":[{"embeddable":true,"href":"https:\/\/kom-ilok.hr\/index.php?rest_route=\/wp\/v2\/pages\/204"}],"wp:attachment":[{"href":"https:\/\/kom-ilok.hr\/index.php?rest_route=%2Fwp%2Fv2%2Fmedia&parent=1061"}],"curies":[{"name":"wp","href":"https:\/\/api.w.org\/{rel}","templated":true}]}}