{"id":1047,"date":"2023-01-19T10:45:18","date_gmt":"2023-01-19T09:45:18","guid":{"rendered":"https:\/\/kom-ilok.hr\/?page_id=1047"},"modified":"2023-12-11T11:30:04","modified_gmt":"2023-12-11T10:30:04","slug":"javna-nabava-2023","status":"publish","type":"page","link":"https:\/\/kom-ilok.hr\/?page_id=1047","title":{"rendered":"Javna nabava 2023"},"content":{"rendered":"<p>[vc_row][vc_column][vc_column_text]<strong>Registar ugovora javne nabave<\/strong><\/p>\n<p>U skladu s \u010dlankom 28. Zakona o javnoj nabavi (\u201eNarodne novine\u201c, broj 120\/16), \u010dlankom 7. Pravilnika o planu nabave, registru ugovora, prethodnom savjetovanju i analizi tr\u017ei\u0161ta u javnoj nabavi (\u201eNarodne novine\u201c, broj 101\/2017 i broj 144\/2020) Registar ugovora o javnoj nabavi i okvirnih sporazuma trgova\u010dkog dru\u0161tva Kom- Ilok d.o.o. Ilok dostupan je u Elektroni\u010dkom oglasniku javne nabave Republike Hrvatske na adresi:\u00a0<a href=\"https:\/\/eojn.nn.hr\/Oglasnik\/\" target=\"_blank\" rel=\"noopener\">https:\/\/eojn.nn.hr\/Oglasnik\/<\/a>, odabirom rubrike Registri ugovora.[\/vc_column_text][\/vc_column][\/vc_row][vc_row][vc_column][vc_column_text]<\/p>\n<ul>\n<li><a href=\"\/wp-content\/uploads\/2023\/Poziv%20za%20dostavu%20ponude%2045-2023.pdf\" target=\"_blank\" rel=\"noopener\">POZIV ZA DOSTAVU PONUDA<\/a><br \/>\nRADOVI \u2013 GRA\u0110EVINSKI RADOVI U 2023.GOD.<br \/>\nEvidencijski broj jednostavne nabave 45-2023 \/ studeni, 2023.<br \/>\n<a href=\"\/wp-content\/uploads\/2023\/Obavijest-o-odabiru-45-2023.pdf\" target=\"_blank\" rel=\"noopener\">OBAVIJEST O ODABIRU NAJPOVOLJNIJE PONUDE<\/a> \/ 08.12.2023.<br \/>\n<span style=\"color: #ffffff;\">&#8211;<\/span><\/li>\n<li><a href=\"\/wp-content\/uploads\/2023\/Poziv%20za%20dostavu%20ponude%205-2023.pdf\" target=\"_blank\" rel=\"noopener\">POZIV ZA DOSTAVU PONUDA<\/a><br \/>\n<a href=\"\/wp-content\/uploads\/2023\/Poziv%20za%20dostavu%20ponude%205-2023-izmjena.pdf\" target=\"_blank\" rel=\"noopener\">POZIV ZA DOSTAVU PONUDA &#8211; <span style=\"color: #ff0000;\">IZMJENA<\/span><\/a><br \/>\nROBA \u2013 \u0160LJUNAK, PIJESAK I KAMEN U 2023.GOD.<br \/>\nEvidencijski broj jednostavne nabave 5-2023 \/ studeni, 2023.<br \/>\n<a href=\"\/wp-content\/uploads\/2023\/Obavijest-o-odabiru-5-2023.pdf\" target=\"_blank\" rel=\"noopener\">OBAVIJEST O ODABIRU NAJPOVOLJNIJE PONUDE<\/a> \/ 08.12.2023.<br \/>\n<span style=\"color: #ffffff;\">&#8211;<\/span><\/li>\n<li><a href=\"\/wp-content\/uploads\/2023\/poziv_dostava_ponude_54_2023.pdf\" target=\"_blank\" rel=\"noopener\">POZIV ZA DOSTAVU PONUDA<\/a><br \/>\nU ZBRINJAVANJE OTPADA SA RECIKLA\u017dNOG DVORI\u0160TA U ILOKU &#8211; ODJE\u0106A<br \/>\nEvidencijski broj jednostavne nabave 54-2023 \/ travanj, 2023.<br \/>\n<a href=\"\/wp-content\/uploads\/2023\/Obavijest_odabiru_54_2023_odjeca.pdf\" target=\"_blank\" rel=\"noopener\">OBAVIJEST O ODABIRU NAJPOVOLJNIJE PONUDE<\/a> \/ 07.07.2023.<br \/>\n<span style=\"color: #ffffff;\">&#8211;<\/span><\/li>\n<li><a href=\"\/wp-content\/uploads\/2023\/Poziv_za_dostavu_ponude_52_2023_PP.pdf\" target=\"_blank\" rel=\"noopener\">POZIV ZA DOSTAVU PONUDA<\/a> &#8211; Ponovljeni postupak<br \/>\nUSLUGA IZRADE PROJEKTNE DOKUMENTACIJE<br \/>\nEvidencijski broj jednostavne nabave 52-2023 \/ travanj, 2023.<br \/>\n<a href=\"\/wp-content\/uploads\/2023\/obavijest_odabir_52_2023.pdf\" target=\"_blank\" rel=\"noopener\">OBAVIJEST O ODABIRU NAJPOVOLJNIJE PONUDE<\/a> \/ 24.06.2023.<br \/>\n<span style=\"color: #ffffff;\">&#8211;<\/span><\/li>\n<li><a href=\"\/wp-content\/uploads\/2023\/Poziv_za_dostavu_ponude_54_2023_Reciklazno_dvoriste.pdf\" target=\"_blank\" rel=\"noopener\">POZIV ZA DOSTAVU PONUDA<\/a><br \/>\nU ZBRINJAVANJU OTPADA SA RECIKLA\u017dNOG DVORI\u0160TA U ILOKU<br \/>\nEvidencijski broj jednostavne nabave 54-2023 \/ travanj, 2023.<br \/>\n<span style=\"color: #ffffff;\">&#8211;<\/span><\/li>\n<li><a href=\"\/wp-content\/uploads\/2023\/Poziv_za_dostavu_ponude_37_2023_Plastika.pdf\" target=\"_blank\" rel=\"noopener\">POZIV ZA DOSTAVU PONUDA<\/a><br \/>\nU ZBRINJAVANJE NEOPASNOG OTPADA \u2013 PLASTIKA U 2023.GOD.<br \/>\nEvidencijski broj jednostavne nabave 37-2023 \/ travanj, 2023.<br \/>\n<a href=\"\/wp-content\/uploads\/2023\/OBAVIJEST_ODABIR_37_2023.pdf\" target=\"_blank\" rel=\"noopener\">OBAVIJEST O ODABIRU NAJPOVOLJNIJE PONUDE<\/a> \/ 18.05.2023.<br \/>\n<span style=\"color: #ffffff;\">&#8211;<\/span><\/li>\n<li><a href=\"\/wp-content\/uploads\/2023\/Poziv_za_dostavu_ponude_8_2023_Proizvodi_od_betona.pdf\" target=\"_blank\" rel=\"noopener\">POZIV ZA DOSTAVU PONUDA<\/a><br \/>\nU POSTUPKU JEDNOSTAVNE NABAVE ROBE &#8211; PROIZVODI OD BETONA<br \/>\n<a href=\"\/wp-content\/uploads\/2023\/troskovnik_8_2023_proizvodi_od_betona.xls\">TRO\u0160KOVNIK<\/a><br \/>\nEvidencijski broj jednostavne nabave 8-2023 \/ travanj, 2023.<br \/>\n<a href=\"\/wp-content\/uploads\/2023\/poziv_izmjena_proizvodi_od_betona_8_2023.pdf\" target=\"_blank\" rel=\"noopener\">IZMJENA POZIVA ZA DOSTAVU PONUDA<\/a><br \/>\n<a href=\"\/wp-content\/uploads\/2023\/troskovnik_izmjena_proizvodi_od_betona_8_2023.xls\">TRO\u0160KOVIK<\/a><br \/>\n<a href=\"\/wp-content\/uploads\/2023\/OBAVIJEST-ODABIR_8_2023.pdf\" target=\"_blank\" rel=\"noopener\">OBAVIJEST O ODABIRU NAJPOVOLJNIJE PONUDE<\/a> \/ 18.05.2023.<br \/>\n<span style=\"color: #ffffff;\">&#8211;<\/span><\/li>\n<li><a href=\"\/wp-content\/uploads\/2023\/Poziv%20za%20dostavu%20ponude%2052-2023-%20izmjena.pdf\" target=\"_blank\" rel=\"noopener\">POZIV ZA DOSTAVU PONUDA<\/a><br \/>\nUSLUGA IZRADE PROJEKTNE DOKUMENTACIJE<br \/>\nEvidencijski broj jednostavne nabave 52-2023 \/ travanj, 2023.<br \/>\n<a href=\"\/wp-content\/uploads\/2023\/OBAVIJEST_PONISTENJE_53_2023.pdf\" target=\"_blank\" rel=\"noopener\">ODLUKA O PONI\u0160TENJU POSTUPKA NABAVE<\/a> \/ 18.05.2023.<br \/>\n<span style=\"color: #ffffff;\">&#8211;<\/span><\/li>\n<li><a href=\"\/wp-content\/uploads\/2023\/poziv_dostava_ponude_23_2023.pdf\" target=\"_blank\" rel=\"noopener\">POZIV ZA DOSTAVU PONUDA<\/a><br \/>\nUSLUGA POPRAVKA VOZILA I RADNIH STROJEVA U VLASNI\u0160TVU KOM-ILOKA D.O.O. ILOK U 2023.GOD.<br \/>\nEvidencijski broj jednostavne nabave 23-2023 \/ o\u017eujak, 2023.<br \/>\n<a href=\"\/wp-content\/uploads\/2023\/Obavijest_o_odabiru_23_2023.pdf\" target=\"_blank\" rel=\"noopener\">OBAVIJEST O ODABIRU NAJPOVOLJNIJE PONUDE<\/a> \/ 10.04.2023.<br \/>\n<span style=\"color: #ffffff;\">&#8211;<\/span><\/li>\n<li><a href=\"\/wp-content\/uploads\/2023\/Poziv%20za%20dostavu%20ponude%2041-2023%20-%20CEMENT.pdf\" target=\"_blank\" rel=\"noopener\">POZIV ZA DOSTAVU PONUDA<\/a><br \/>\nU POSTUPKU JEDNOSTAVNE NABAVE ROBE- CEMENT ZA POTREBE KOM-ILOKA U 2023.godinu<br \/>\nEvidencijski broj jednostavne nabave 41-2023 \/ o\u017eujak, 2023.<br \/>\n<a href=\"\/wp-content\/uploads\/2023\/Obavijest%20o%20odabiru%2041-2023.pdf\" target=\"_blank\" rel=\"noopener\">OBAVIJEST O ODABIRU NAJPOVOLJNIJE PONUDE<\/a> \/ 29.03.2023.<br \/>\n<span style=\"color: #ffffff;\">&#8211;<\/span><\/li>\n<li><a href=\"\/wp-content\/uploads\/2023\/POZIV_DOSTAVA_PONUDA_6_2023.pdf\" target=\"_blank\" rel=\"noopener\">POZIV ZA DOSTAVU PONUDA<\/a><br \/>\nASFLAT ZA POTREBE KOM-ILOKA U 2023. godini<br \/>\nEvidencijski broj jednostavne nabave 6-2023 \/ o\u017eujak, 2023.<br \/>\n<a href=\"\/wp-content\/uploads\/2023\/Obavijest%20o%20odabiru%206-2023.pdf\" target=\"_blank\" rel=\"noopener\">OBAVIJEST O ODABIRU NAJPOVOLJNIJE PONUDE<\/a> \/ 21.03.2023.<br \/>\n<span style=\"color: #ffffff;\">&#8211;<\/span><\/li>\n<li><a href=\"\/wp-content\/uploads\/2023\/poziv-JN_30_2023.pdf\" target=\"_blank\" rel=\"noopener\">POZIV ZA DOSTAVU PONUDA<\/a><br \/>\nPOGREBNA OPREMA ZA POTREBE KOM-ILOKA d.o.o. ILOK U 2023.GOD.<br \/>\n<a href=\"\/wp-content\/uploads\/2023\/TROSKOVNIK_JN_30_2023.xls\" target=\"_blank\" rel=\"noopener\">TRO\u0160KOVNIK NABAVE POGREBNE OPREME<\/a><br \/>\nEvidencijski broj jednostavne nabave 30-2023 \/ velja\u010da, 2023.<br \/>\n<a href=\"\/wp-content\/uploads\/2023\/obavijest_odabir_30_2023.pdf\" target=\"_blank\" rel=\"noopener\">OBAVIJEST O ODABIRU NAJPOVOLJNIJE PONUDE<\/a> \/ 17.02.2023.<br \/>\n<span style=\"color: #ffffff;\">&#8211;<\/span><\/li>\n<li><a href=\"\/wp-content\/uploads\/2023\/Poziv%20za%20dostavu%20ponude%2050-2023-Ispravak.pdf\" target=\"_blank\" rel=\"noopener\">POZIV ZA DOSTAVU PONUDA<\/a><br \/>\nBETON ZA POTREBE KOM-ILOKA d.o.o. ILOK U 2023.GOD.<br \/>\nEvidencijski broj jednostavne nabave 50-2023 \/ sije\u010danj, 2023.<br \/>\n<a href=\"\/wp-content\/uploads\/2023\/obavijest_odabir_50_2023.pdf\" target=\"_blank\" rel=\"noopener\">OBAVIJEST O ODABIRU NAJPOVOLJNIJE PONUDE<\/a> \/ 31.01.2023.<br \/>\n<span style=\"color: #ffffff;\">&#8211;<\/span><\/li>\n<li><a href=\"\/wp-content\/uploads\/2023\/POZIV_DOSTAVA_PONUDA_59_2023.pdf\" target=\"_blank\" rel=\"noopener\">POZIV ZA DOSTAVU PONUDA<\/a><br \/>\nREVIZIJA FINANCIJSKIH IZVJE\u0160TAJA ZA 2022.godinu<br \/>\nEvidencijski broj jednostavne nabave 59-2023 \/ sije\u010danj, 2023.<br \/>\n<a href=\"\/wp-content\/uploads\/2023\/ObavijesT_o_odabiru_59_2023.pdf\" target=\"_blank\" rel=\"noopener\">OBAVIJEST O ODABIRU NAJPOVOLJNIJE PONUDE<\/a> \/ 24.03.2023.<\/li>\n<\/ul>\n<p>[\/vc_column_text][\/vc_column][\/vc_row]<\/p>\n","protected":false},"excerpt":{"rendered":"<p>[vc_row][vc_column][vc_column_text]Registar ugovora javne nabave U skladu s \u010dlankom 28. Zakona o javnoj nabavi (\u201eNarodne novine\u201c, broj 120\/16), \u010dlankom 7. Pravilnika o planu nabave, registru ugovora, prethodnom savjetovanju i analizi tr\u017ei\u0161ta u javnoj nabavi (\u201eNarodne novine\u201c, broj 101\/2017 i broj 144\/2020) Registar ugovora o javnoj nabavi i okvirnih sporazuma trgova\u010dkog dru\u0161tva Kom- Ilok d.o.o. Ilok dostupan&hellip;<\/p>\n","protected":false},"author":1,"featured_media":0,"parent":29,"menu_order":0,"comment_status":"closed","ping_status":"closed","template":"","meta":{"footnotes":""},"class_list":["post-1047","page","type-page","status-publish","hentry","description-off"],"_links":{"self":[{"href":"https:\/\/kom-ilok.hr\/index.php?rest_route=\/wp\/v2\/pages\/1047","targetHints":{"allow":["GET"]}}],"collection":[{"href":"https:\/\/kom-ilok.hr\/index.php?rest_route=\/wp\/v2\/pages"}],"about":[{"href":"https:\/\/kom-ilok.hr\/index.php?rest_route=\/wp\/v2\/types\/page"}],"author":[{"embeddable":true,"href":"https:\/\/kom-ilok.hr\/index.php?rest_route=\/wp\/v2\/users\/1"}],"replies":[{"embeddable":true,"href":"https:\/\/kom-ilok.hr\/index.php?rest_route=%2Fwp%2Fv2%2Fcomments&post=1047"}],"version-history":[{"count":31,"href":"https:\/\/kom-ilok.hr\/index.php?rest_route=\/wp\/v2\/pages\/1047\/revisions"}],"predecessor-version":[{"id":1141,"href":"https:\/\/kom-ilok.hr\/index.php?rest_route=\/wp\/v2\/pages\/1047\/revisions\/1141"}],"up":[{"embeddable":true,"href":"https:\/\/kom-ilok.hr\/index.php?rest_route=\/wp\/v2\/pages\/29"}],"wp:attachment":[{"href":"https:\/\/kom-ilok.hr\/index.php?rest_route=%2Fwp%2Fv2%2Fmedia&parent=1047"}],"curies":[{"name":"wp","href":"https:\/\/api.w.org\/{rel}","templated":true}]}}